{"id":822,"date":"2021-03-29T22:36:26","date_gmt":"2021-03-29T22:36:26","guid":{"rendered":"https:\/\/welcomepalleja.es\/?page_id=822"},"modified":"2023-05-13T09:50:05","modified_gmt":"2023-05-13T07:50:05","slug":"infantil","status":"publish","type":"page","link":"https:\/\/welcomepalleja.es\/index.php\/cursos\/infantil\/","title":{"rendered":"Infantil"},"content":{"rendered":"\t\t<div data-elementor-type=\"wp-page\" data-elementor-id=\"822\" class=\"elementor elementor-822\">\n\t\t\t\t\t\t<section class=\"elementor-section elementor-top-section elementor-element elementor-element-ebfacf5 elementor-section-boxed elementor-section-height-default elementor-section-height-default\" data-id=\"ebfacf5\" data-element_type=\"section\" data-e-type=\"section\" data-settings=\"{&quot;background_background&quot;:&quot;classic&quot;,&quot;shape_divider_bottom&quot;:&quot;waves&quot;}\">\n\t\t\t\t\t\t\t<div class=\"elementor-background-overlay\"><\/div>\n\t\t\t\t\t\t<div class=\"elementor-shape elementor-shape-bottom\" aria-hidden=\"true\" data-negative=\"false\">\n\t\t\t<svg xmlns=\"http:\/\/www.w3.org\/2000\/svg\" viewBox=\"0 0 1000 100\" preserveAspectRatio=\"none\">\n\t<path class=\"elementor-shape-fill\" d=\"M421.9,6.5c22.6-2.5,51.5,0.4,75.5,5.3c23.6,4.9,70.9,23.5,100.5,35.7c75.8,32.2,133.7,44.5,192.6,49.7\n\tc23.6,2.1,48.7,3.5,103.4-2.5c54.7-6,106.2-25.6,106.2-25.6V0H0v30.3c0,0,72,32.6,158.4,30.5c39.2-0.7,92.8-6.7,134-22.4\n\tc21.2-8.1,52.2-18.2,79.7-24.2C399.3,7.9,411.6,7.5,421.9,6.5z\"\/>\n<\/svg>\t\t<\/div>\n\t\t\t\t\t<div class=\"elementor-container elementor-column-gap-no\">\n\t\t\t\t\t<div class=\"elementor-column elementor-col-50 elementor-top-column elementor-element elementor-element-cc8305f\" data-id=\"cc8305f\" data-element_type=\"column\" data-e-type=\"column\">\n\t\t\t<div class=\"elementor-widget-wrap elementor-element-populated\">\n\t\t\t\t\t\t<div class=\"elementor-element elementor-element-d5a067e elementor-widget-divider--view-line elementor-widget elementor-widget-divider\" data-id=\"d5a067e\" data-element_type=\"widget\" data-e-type=\"widget\" data-widget_type=\"divider.default\">\n\t\t\t\t<div class=\"elementor-widget-container\">\n\t\t\t\t\t\t\t<div class=\"elementor-divider\">\n\t\t\t<span class=\"elementor-divider-separator\">\n\t\t\t\t\t\t<\/span>\n\t\t<\/div>\n\t\t\t\t\t\t<\/div>\n\t\t\t\t<\/div>\n\t\t\t\t<div class=\"elementor-element elementor-element-f6c431d elementor-widget elementor-widget-heading\" data-id=\"f6c431d\" data-element_type=\"widget\" data-e-type=\"widget\" data-widget_type=\"heading.default\">\n\t\t\t\t<div class=\"elementor-widget-container\">\n\t\t\t\t\t<h1 class=\"elementor-heading-title elementor-size-default\">Infantil<\/h1>\t\t\t\t<\/div>\n\t\t\t\t<\/div>\n\t\t\t\t\t<\/div>\n\t\t<\/div>\n\t\t\t\t<div class=\"elementor-column elementor-col-50 elementor-top-column elementor-element elementor-element-8f8a8d5\" data-id=\"8f8a8d5\" data-element_type=\"column\" data-e-type=\"column\">\n\t\t\t<div class=\"elementor-widget-wrap elementor-element-populated\">\n\t\t\t\t\t\t<div class=\"elementor-element elementor-element-3ca9048 elementor-widget elementor-widget-text-editor\" data-id=\"3ca9048\" data-element_type=\"widget\" data-e-type=\"widget\" data-widget_type=\"text-editor.default\">\n\t\t\t\t<div class=\"elementor-widget-container\">\n\t\t\t\t\t\t\t\t\t<p>Comen\u00e7a a fer les primeres passes en angl\u00e8s<\/p>\t\t\t\t\t\t\t\t<\/div>\n\t\t\t\t<\/div>\n\t\t\t\t\t<\/div>\n\t\t<\/div>\n\t\t\t\t\t<\/div>\n\t\t<\/section>\n\t\t\t\t<section class=\"elementor-section elementor-top-section elementor-element elementor-element-f6b5967 elementor-section-boxed elementor-section-height-default elementor-section-height-default\" data-id=\"f6b5967\" data-element_type=\"section\" data-e-type=\"section\">\n\t\t\t\t\t\t<div class=\"elementor-container elementor-column-gap-default\">\n\t\t\t\t\t<div class=\"elementor-column elementor-col-100 elementor-top-column elementor-element elementor-element-3001979\" data-id=\"3001979\" data-element_type=\"column\" data-e-type=\"column\">\n\t\t\t<div class=\"elementor-widget-wrap elementor-element-populated\">\n\t\t\t\t\t\t<div class=\"elementor-element elementor-element-2f546af elementor-widget elementor-widget-spacer\" data-id=\"2f546af\" data-element_type=\"widget\" data-e-type=\"widget\" data-widget_type=\"spacer.default\">\n\t\t\t\t<div class=\"elementor-widget-container\">\n\t\t\t\t\t\t\t<div class=\"elementor-spacer\">\n\t\t\t<div class=\"elementor-spacer-inner\"><\/div>\n\t\t<\/div>\n\t\t\t\t\t\t<\/div>\n\t\t\t\t<\/div>\n\t\t\t\t<div class=\"elementor-element elementor-element-adb85e4 elementor-widget elementor-widget-heading\" data-id=\"adb85e4\" data-element_type=\"widget\" data-e-type=\"widget\" data-widget_type=\"heading.default\">\n\t\t\t\t<div class=\"elementor-widget-container\">\n\t\t\t\t\t<h2 class=\"elementor-heading-title elementor-size-default\">Jugant sabem que aprenen<\/h2>\t\t\t\t<\/div>\n\t\t\t\t<\/div>\n\t\t\t\t<div class=\"elementor-element elementor-element-b3cc62e elementor-widget elementor-widget-text-editor\" data-id=\"b3cc62e\" data-element_type=\"widget\" data-e-type=\"widget\" data-widget_type=\"text-editor.default\">\n\t\t\t\t<div class=\"elementor-widget-container\">\n\t\t\t\t\t\t\t\t\t<p id=\"tw-target-text\" class=\"tw-data-text tw-text-large XcVN5d tw-ta\" dir=\"ltr\" style=\"text-align: center;\" data-placeholder=\"Translation\"><span lang=\"ca\">A Welcome posem el benestar dels m\u00e9s petits al centre de l\u2019aprenentatge. Les lli\u00e7ons de valors es reforcen mitjan\u00e7ant can\u00e7ons alegres per cantar i actuar, ajudant els nens a desenvolupar les habilitats socials i emocionals que els preparen per al m\u00f3n en general. Treballem a base de <strong>projectes<\/strong> elaborats amb cura que introdueixen als nens i nenes a aspectes d\u2019aprenentatge cooperatiu i fomenten la creativitat. En les nostres aules nom\u00e9s utilitzem l&#8217;angl\u00e8s per garantir una <strong>immersi\u00f3 total<\/strong> i impulsar des del primer dia aquesta llengua com a eina de comunicaci\u00f3 \u00fanica.<\/span><\/p>\t\t\t\t\t\t\t\t<\/div>\n\t\t\t\t<\/div>\n\t\t\t\t\t<\/div>\n\t\t<\/div>\n\t\t\t\t\t<\/div>\n\t\t<\/section>\n\t\t\t\t<section class=\"elementor-section elementor-top-section elementor-element elementor-element-90e6813 elementor-section-boxed elementor-section-height-default elementor-section-height-default\" data-id=\"90e6813\" data-element_type=\"section\" data-e-type=\"section\">\n\t\t\t\t\t\t<div class=\"elementor-container elementor-column-gap-default\">\n\t\t\t\t\t<div class=\"elementor-column elementor-col-100 elementor-top-column elementor-element elementor-element-25aaa7b\" data-id=\"25aaa7b\" data-element_type=\"column\" data-e-type=\"column\">\n\t\t\t<div class=\"elementor-widget-wrap elementor-element-populated\">\n\t\t\t\t\t\t<div class=\"elementor-element elementor-element-168ae72 elementor-widget elementor-widget-spacer\" data-id=\"168ae72\" data-element_type=\"widget\" data-e-type=\"widget\" data-widget_type=\"spacer.default\">\n\t\t\t\t<div class=\"elementor-widget-container\">\n\t\t\t\t\t\t\t<div class=\"elementor-spacer\">\n\t\t\t<div class=\"elementor-spacer-inner\"><\/div>\n\t\t<\/div>\n\t\t\t\t\t\t<\/div>\n\t\t\t\t<\/div>\n\t\t\t\t<div class=\"elementor-element elementor-element-6f5e0bb eael-fg-card-content-align-left elementor-widget elementor-widget-eael-filterable-gallery\" data-id=\"6f5e0bb\" data-element_type=\"widget\" data-e-type=\"widget\" data-settings=\"{&quot;photo_gallery&quot;:&quot;yes&quot;}\" data-widget_type=\"eael-filterable-gallery.default\">\n\t\t\t\t<div class=\"elementor-widget-container\">\n\t\t\t\t\t<style id=\"eael-fg-inline-css-6f5e0bb\">@media only screen and (max-width: 2399px) {\n\t\t\t\t\t.elementor-element.elementor-element-6f5e0bb .eael-filterable-gallery-item-wrap {\n\t\t\t\t\t        width: 33.333333333333%;\n\t\t\t\t\t    }\n\t\t\t\t\t}@media only screen and (max-width: 1024px) {\n\t\t\t\t\t.elementor-element.elementor-element-6f5e0bb  .eael-filterable-gallery-item-wrap {\n\t\t\t\t\t        width: 50%;\n\t\t\t\t\t    }\n\t\t\t\t\t}@media only screen and (max-width: 767px) {\n\t\t\t\t\t.elementor-element.elementor-element-6f5e0bb  .eael-filterable-gallery-item-wrap {\n\t\t\t\t\t        width: 100%;\n\t\t\t\t\t    }\n\t\t\t\t\t}<\/style>        <div id=\"eael-filter-gallery-wrapper-6f5e0bb\" class=\"eael-filter-gallery-wrapper\" data-layout-mode=\"layout_3\" data-breakpoints=\"{&quot;mobile&quot;:{&quot;label&quot;:&quot;Mobile Portrait&quot;,&quot;value&quot;:767,&quot;default_value&quot;:767,&quot;direction&quot;:&quot;max&quot;,&quot;is_enabled&quot;:true},&quot;mobile_extra&quot;:{&quot;label&quot;:&quot;Mobile Landscape&quot;,&quot;value&quot;:880,&quot;default_value&quot;:880,&quot;direction&quot;:&quot;max&quot;,&quot;is_enabled&quot;:false},&quot;tablet&quot;:{&quot;label&quot;:&quot;Tablet Portrait&quot;,&quot;value&quot;:1024,&quot;default_value&quot;:1024,&quot;direction&quot;:&quot;max&quot;,&quot;is_enabled&quot;:true},&quot;tablet_extra&quot;:{&quot;label&quot;:&quot;Tablet Landscape&quot;,&quot;value&quot;:1200,&quot;default_value&quot;:1200,&quot;direction&quot;:&quot;max&quot;,&quot;is_enabled&quot;:false},&quot;laptop&quot;:{&quot;label&quot;:&quot;Laptop&quot;,&quot;value&quot;:1366,&quot;default_value&quot;:1366,&quot;direction&quot;:&quot;max&quot;,&quot;is_enabled&quot;:false},&quot;widescreen&quot;:{&quot;label&quot;:&quot;Widescreen&quot;,&quot;value&quot;:2400,&quot;default_value&quot;:2400,&quot;direction&quot;:&quot;min&quot;,&quot;is_enabled&quot;:false}}\" data-default_control_key=\"0\" data-custom_default_control=\"1\">\n                    <div class=\"eael-filter-gallery-container eael-filter-gallery-grid\" data-images-per-page=\"\" data-total-gallery-items=\"3\" data-nomore-item-text=\"\" data-is-randomize=\"no\" data-settings=\"{&quot;grid_style&quot;:&quot;grid&quot;,&quot;popup&quot;:&quot;buttons&quot;,&quot;duration&quot;:500,&quot;gallery_enabled&quot;:&quot;yes&quot;,&quot;video_gallery_yt_privacy&quot;:&quot;&quot;,&quot;control_all_text&quot;:null,&quot;mobile_scroll_to_top&quot;:&quot;&quot;,&quot;mobile_scroll_offset&quot;:0,&quot;post_id&quot;:822,&quot;widget_id&quot;:&quot;6f5e0bb&quot;}\" data-search-all=\"\" data-gallery-items=\"WyI8ZGl2IGNsYXNzPVwiZWFlbC1maWx0ZXJhYmxlLWdhbGxlcnktaXRlbS13cmFwIGVhZWwtY2YtXCIgZGF0YS1zZWFyY2gta2V5PVwibGl0dGxlLW9uZXMtMS1cIj48ZGl2IGNsYXNzPVwiZmctbGF5b3V0LTMtaXRlbSBlYWVsLWdhbGxlcnktZ3JpZC1pdGVtXCI+PGRpdiBjbGFzcz1cImdhbGxlcnktaXRlbS10aHVtYm5haWwtd3JhcCBmZy1sYXlvdXQtMy1pdGVtLXRodW1iXCI+PGltZyB3aWR0aD1cIjIzMFwiIGhlaWdodD1cIjMwMFwiIHNyYz1cImh0dHBzOlwvXC93ZWxjb21lcGFsbGVqYS5lc1wvd3AtY29udGVudFwvdXBsb2Fkc1wvMjAyMVwvMDNcL0NhcHR1cmEtZGUtcGFudGFsbGEtMjAyMS0wMy0zMC1hLWxhcy0xLjMxLjIwLTIzMHgzMDAucG5nXCIgY2xhc3M9XCJhdHRhY2htZW50LW1lZGl1bSBzaXplLW1lZGl1bSB3cC1pbWFnZS04MzRcIiBhbHQ9XCJcIiBzcmNzZXQ9XCJodHRwczpcL1wvd2VsY29tZXBhbGxlamEuZXNcL3dwLWNvbnRlbnRcL3VwbG9hZHNcLzIwMjFcLzAzXC9DYXB0dXJhLWRlLXBhbnRhbGxhLTIwMjEtMDMtMzAtYS1sYXMtMS4zMS4yMC0yMzB4MzAwLnBuZyAyMzB3LCBodHRwczpcL1wvd2VsY29tZXBhbGxlamEuZXNcL3dwLWNvbnRlbnRcL3VwbG9hZHNcLzIwMjFcLzAzXC9DYXB0dXJhLWRlLXBhbnRhbGxhLTIwMjEtMDMtMzAtYS1sYXMtMS4zMS4yMC5wbmcgNzM4d1wiIHNpemVzPVwiKG1heC13aWR0aDogMjMwcHgpIDEwMHZ3LCAyMzBweFwiIFwvPjxkaXYgY2xhc3M9XCJnYWxsZXJ5LWl0ZW0tY2FwdGlvbi13cmFwIGNhcmQtaG92ZXItYmcgY2FwdGlvbi1zdHlsZS1ob3ZlcmVyXCI+PGRpdiBjbGFzcz1cImZnLWNhcHRpb24taGVhZFwiPjxcL2Rpdj48ZGl2IGNsYXNzPVwiZ2FsbGVyeS1pdGVtLWJ1dHRvbnNcIj48XC9kaXY+PFwvZGl2PjxcL2Rpdj48ZGl2IGNsYXNzPVwiZmctbGF5b3V0LTMtaXRlbS1jb250ZW50XCI+PGgyIGNsYXNzPVwiZmctaXRlbS10aXRsZVwiPkxpdHRsZSBvbmVzIDEgPFwvaDI+PGRpdiBjbGFzcz1cImZnLWl0ZW0tY29udGVudFwiPjxwPlx1MDBhMDxcL3A+XG48cD48c3BhbiBzdHlsZT1cImZvbnQtc2l6ZTogMS4xZW1cIj5EaWxsdW5zIGkgRGltZWNyZXMgZGUgMTcuMDAgYSAxOC4wMDxcL3NwYW4+PFwvcD5cbjxwPjxzcGFuIHN0eWxlPVwiZm9udC1zaXplOiAxLjFlbVwiPkRpbWFydHMgaSBEaWpvdXMgZGUgMTcuMDAgYSAxOC4wMDxcL3NwYW4+PFwvcD5cbjxcL2Rpdj48XC9kaXY+PFwvZGl2PjxcL2Rpdj4iLCI8ZGl2IGNsYXNzPVwiZWFlbC1maWx0ZXJhYmxlLWdhbGxlcnktaXRlbS13cmFwIGVhZWwtY2YtXCIgZGF0YS1zZWFyY2gta2V5PVwibGl0dGxlLW9uZXMtMlwiPjxkaXYgY2xhc3M9XCJmZy1sYXlvdXQtMy1pdGVtIGVhZWwtZ2FsbGVyeS1ncmlkLWl0ZW1cIj48ZGl2IGNsYXNzPVwiZ2FsbGVyeS1pdGVtLXRodW1ibmFpbC13cmFwIGZnLWxheW91dC0zLWl0ZW0tdGh1bWJcIj48aW1nIHdpZHRoPVwiMjMwXCIgaGVpZ2h0PVwiMzAwXCIgc3JjPVwiaHR0cHM6XC9cL3dlbGNvbWVwYWxsZWphLmVzXC93cC1jb250ZW50XC91cGxvYWRzXC8yMDIxXC8wM1wvQ2FwdHVyYS1kZS1wYW50YWxsYS0yMDIxLTAzLTMwLWEtbGFzLTEuMzEuMzQtMjMweDMwMC5wbmdcIiBjbGFzcz1cImF0dGFjaG1lbnQtbWVkaXVtIHNpemUtbWVkaXVtIHdwLWltYWdlLTgzM1wiIGFsdD1cIlwiIHNyY3NldD1cImh0dHBzOlwvXC93ZWxjb21lcGFsbGVqYS5lc1wvd3AtY29udGVudFwvdXBsb2Fkc1wvMjAyMVwvMDNcL0NhcHR1cmEtZGUtcGFudGFsbGEtMjAyMS0wMy0zMC1hLWxhcy0xLjMxLjM0LTIzMHgzMDAucG5nIDIzMHcsIGh0dHBzOlwvXC93ZWxjb21lcGFsbGVqYS5lc1wvd3AtY29udGVudFwvdXBsb2Fkc1wvMjAyMVwvMDNcL0NhcHR1cmEtZGUtcGFudGFsbGEtMjAyMS0wMy0zMC1hLWxhcy0xLjMxLjM0LnBuZyA3MzZ3XCIgc2l6ZXM9XCIobWF4LXdpZHRoOiAyMzBweCkgMTAwdncsIDIzMHB4XCIgXC8+PGRpdiBjbGFzcz1cImdhbGxlcnktaXRlbS1jYXB0aW9uLXdyYXAgY2FyZC1ob3Zlci1iZyBjYXB0aW9uLXN0eWxlLWhvdmVyZXJcIj48ZGl2IGNsYXNzPVwiZmctY2FwdGlvbi1oZWFkXCI+PFwvZGl2PjxkaXYgY2xhc3M9XCJnYWxsZXJ5LWl0ZW0tYnV0dG9uc1wiPjxcL2Rpdj48XC9kaXY+PFwvZGl2PjxkaXYgY2xhc3M9XCJmZy1sYXlvdXQtMy1pdGVtLWNvbnRlbnRcIj48aDIgY2xhc3M9XCJmZy1pdGVtLXRpdGxlXCI+TGl0dGxlIG9uZXMgMjxcL2gyPjxkaXYgY2xhc3M9XCJmZy1pdGVtLWNvbnRlbnRcIj48cD5cdTAwYTA8XC9wPlxuPHA+PHNwYW4gc3R5bGU9XCJmb250LXNpemU6IDEuMWVtXCI+RGlsbHVucyBpIERpbWVjcmVzIGRlIDE3LjAwIGEgMTguMDA8XC9zcGFuPjxcL3A+XG48cD48c3BhbiBzdHlsZT1cImZvbnQtc2l6ZTogMS4xZW1cIj5EaW1hcnRzIGkgRGlqb3VzIGRlIDE3LjAwIGEgMTguMDA8XC9zcGFuPjxcL3A+XG48XC9kaXY+PFwvZGl2PjxcL2Rpdj48XC9kaXY+IiwiPGRpdiBjbGFzcz1cImVhZWwtZmlsdGVyYWJsZS1nYWxsZXJ5LWl0ZW0td3JhcCBlYWVsLWNmLVwiIGRhdGEtc2VhcmNoLWtleT1cInN0YXJ0ZXItc3RhcnNcIj48ZGl2IGNsYXNzPVwiZmctbGF5b3V0LTMtaXRlbSBlYWVsLWdhbGxlcnktZ3JpZC1pdGVtXCI+PGRpdiBjbGFzcz1cImdhbGxlcnktaXRlbS10aHVtYm5haWwtd3JhcCBmZy1sYXlvdXQtMy1pdGVtLXRodW1iXCI+PGltZyB3aWR0aD1cIjIzMVwiIGhlaWdodD1cIjMwMFwiIHNyYz1cImh0dHBzOlwvXC93ZWxjb21lcGFsbGVqYS5lc1wvd3AtY29udGVudFwvdXBsb2Fkc1wvMjAyMVwvMDNcL0NhcHR1cmEtZGUtcGFudGFsbGEtMjAyMS0wMy0zMC1hLWxhcy0xLjMxLjQ4LTIzMXgzMDAucG5nXCIgY2xhc3M9XCJhdHRhY2htZW50LW1lZGl1bSBzaXplLW1lZGl1bSB3cC1pbWFnZS04MzJcIiBhbHQ9XCJcIiBzcmNzZXQ9XCJodHRwczpcL1wvd2VsY29tZXBhbGxlamEuZXNcL3dwLWNvbnRlbnRcL3VwbG9hZHNcLzIwMjFcLzAzXC9DYXB0dXJhLWRlLXBhbnRhbGxhLTIwMjEtMDMtMzAtYS1sYXMtMS4zMS40OC0yMzF4MzAwLnBuZyAyMzF3LCBodHRwczpcL1wvd2VsY29tZXBhbGxlamEuZXNcL3dwLWNvbnRlbnRcL3VwbG9hZHNcLzIwMjFcLzAzXC9DYXB0dXJhLWRlLXBhbnRhbGxhLTIwMjEtMDMtMzAtYS1sYXMtMS4zMS40OC5wbmcgNzM4d1wiIHNpemVzPVwiKG1heC13aWR0aDogMjMxcHgpIDEwMHZ3LCAyMzFweFwiIFwvPjxkaXYgY2xhc3M9XCJnYWxsZXJ5LWl0ZW0tY2FwdGlvbi13cmFwIGNhcmQtaG92ZXItYmcgY2FwdGlvbi1zdHlsZS1ob3ZlcmVyXCI+PGRpdiBjbGFzcz1cImZnLWNhcHRpb24taGVhZFwiPjxcL2Rpdj48ZGl2IGNsYXNzPVwiZ2FsbGVyeS1pdGVtLWJ1dHRvbnNcIj48XC9kaXY+PFwvZGl2PjxcL2Rpdj48ZGl2IGNsYXNzPVwiZmctbGF5b3V0LTMtaXRlbS1jb250ZW50XCI+PGgyIGNsYXNzPVwiZmctaXRlbS10aXRsZVwiPlN0YXJ0ZXIgU3RhcnM8XC9oMj48ZGl2IGNsYXNzPVwiZmctaXRlbS1jb250ZW50XCI+PHA+XHUwMGEwPFwvcD5cbjxwPjxzcGFuIHN0eWxlPVwiZm9udC1zaXplOiAxLjFlbVwiPkQ8XC9zcGFuPjxzcGFuIHN0eWxlPVwiZm9udC1zaXplOiAxLjFlbVwiPmlsbHVucyBpIERpbWVjcmVzIGRlIDE3LjAwIGEgMTguMDA8XC9zcGFuPjxcL3A+XG48cD48c3BhbiBzdHlsZT1cImZvbnQtc2l6ZTogMS4xZW1cIj5EaW1hcnRzIGkgRGlqb3VzIGRlIDE3LjAwIGEgMTguMDA8XC9zcGFuPjxcL3A+XG48XC9kaXY+PFwvZGl2PjxcL2Rpdj48XC9kaXY+Il0=\" data-init-show=\"3\">\n            <div class=\"eael-filterable-gallery-item-wrap eael-cf-\" data-search-key=\"little-ones-1-\"><div class=\"fg-layout-3-item eael-gallery-grid-item\"><div class=\"gallery-item-thumbnail-wrap fg-layout-3-item-thumb\"><img fetchpriority=\"high\" decoding=\"async\" width=\"230\" height=\"300\" src=\"https:\/\/welcomepalleja.es\/wp-content\/uploads\/2021\/03\/Captura-de-pantalla-2021-03-30-a-las-1.31.20-230x300.png\" class=\"attachment-medium size-medium wp-image-834\" alt=\"\" srcset=\"https:\/\/welcomepalleja.es\/wp-content\/uploads\/2021\/03\/Captura-de-pantalla-2021-03-30-a-las-1.31.20-230x300.png 230w, https:\/\/welcomepalleja.es\/wp-content\/uploads\/2021\/03\/Captura-de-pantalla-2021-03-30-a-las-1.31.20.png 738w\" sizes=\"(max-width: 230px) 100vw, 230px\" \/><div class=\"gallery-item-caption-wrap card-hover-bg caption-style-hoverer\"><div class=\"fg-caption-head\"><\/div><div class=\"gallery-item-buttons\"><\/div><\/div><\/div><div class=\"fg-layout-3-item-content\"><h2 class=\"fg-item-title\">Little ones 1 <\/h2><div class=\"fg-item-content\"><p>\u00a0<\/p>\n<p><span style=\"font-size: 1.1em\">Dilluns i Dimecres de 17.00 a 18.00<\/span><\/p>\n<p><span style=\"font-size: 1.1em\">Dimarts i Dijous de 17.00 a 18.00<\/span><\/p>\n<\/div><\/div><\/div><\/div><div class=\"eael-filterable-gallery-item-wrap eael-cf-\" data-search-key=\"little-ones-2\"><div class=\"fg-layout-3-item eael-gallery-grid-item\"><div class=\"gallery-item-thumbnail-wrap fg-layout-3-item-thumb\"><img decoding=\"async\" width=\"230\" height=\"300\" src=\"https:\/\/welcomepalleja.es\/wp-content\/uploads\/2021\/03\/Captura-de-pantalla-2021-03-30-a-las-1.31.34-230x300.png\" class=\"attachment-medium size-medium wp-image-833\" alt=\"\" srcset=\"https:\/\/welcomepalleja.es\/wp-content\/uploads\/2021\/03\/Captura-de-pantalla-2021-03-30-a-las-1.31.34-230x300.png 230w, https:\/\/welcomepalleja.es\/wp-content\/uploads\/2021\/03\/Captura-de-pantalla-2021-03-30-a-las-1.31.34.png 736w\" sizes=\"(max-width: 230px) 100vw, 230px\" \/><div class=\"gallery-item-caption-wrap card-hover-bg caption-style-hoverer\"><div class=\"fg-caption-head\"><\/div><div class=\"gallery-item-buttons\"><\/div><\/div><\/div><div class=\"fg-layout-3-item-content\"><h2 class=\"fg-item-title\">Little ones 2<\/h2><div class=\"fg-item-content\"><p>\u00a0<\/p>\n<p><span style=\"font-size: 1.1em\">Dilluns i Dimecres de 17.00 a 18.00<\/span><\/p>\n<p><span style=\"font-size: 1.1em\">Dimarts i Dijous de 17.00 a 18.00<\/span><\/p>\n<\/div><\/div><\/div><\/div><div class=\"eael-filterable-gallery-item-wrap eael-cf-\" data-search-key=\"starter-stars\"><div class=\"fg-layout-3-item eael-gallery-grid-item\"><div class=\"gallery-item-thumbnail-wrap fg-layout-3-item-thumb\"><img decoding=\"async\" width=\"231\" height=\"300\" src=\"https:\/\/welcomepalleja.es\/wp-content\/uploads\/2021\/03\/Captura-de-pantalla-2021-03-30-a-las-1.31.48-231x300.png\" class=\"attachment-medium size-medium wp-image-832\" alt=\"\" srcset=\"https:\/\/welcomepalleja.es\/wp-content\/uploads\/2021\/03\/Captura-de-pantalla-2021-03-30-a-las-1.31.48-231x300.png 231w, https:\/\/welcomepalleja.es\/wp-content\/uploads\/2021\/03\/Captura-de-pantalla-2021-03-30-a-las-1.31.48.png 738w\" sizes=\"(max-width: 231px) 100vw, 231px\" \/><div class=\"gallery-item-caption-wrap card-hover-bg caption-style-hoverer\"><div class=\"fg-caption-head\"><\/div><div class=\"gallery-item-buttons\"><\/div><\/div><\/div><div class=\"fg-layout-3-item-content\"><h2 class=\"fg-item-title\">Starter Stars<\/h2><div class=\"fg-item-content\"><p>\u00a0<\/p>\n<p><span style=\"font-size: 1.1em\">D<\/span><span style=\"font-size: 1.1em\">illuns i Dimecres de 17.00 a 18.00<\/span><\/p>\n<p><span style=\"font-size: 1.1em\">Dimarts i Dijous de 17.00 a 18.00<\/span><\/p>\n<\/div><\/div><\/div><\/div>            <div id=\"eael-fg-no-items-found\" style=\"display:none;\">\n                No Items Found            <\/div>\n                    <\/div>\n                <\/div>\n        \n        \t\t\t\t<\/div>\n\t\t\t\t<\/div>\n\t\t\t\t<div class=\"elementor-element elementor-element-b579bf4 elementor-widget elementor-widget-spacer\" data-id=\"b579bf4\" data-element_type=\"widget\" data-e-type=\"widget\" data-widget_type=\"spacer.default\">\n\t\t\t\t<div class=\"elementor-widget-container\">\n\t\t\t\t\t\t\t<div class=\"elementor-spacer\">\n\t\t\t<div class=\"elementor-spacer-inner\"><\/div>\n\t\t<\/div>\n\t\t\t\t\t\t<\/div>\n\t\t\t\t<\/div>\n\t\t\t\t\t<\/div>\n\t\t<\/div>\n\t\t\t\t\t<\/div>\n\t\t<\/section>\n\t\t\t\t<\/div>\n\t\t","protected":false},"excerpt":{"rendered":"<p>Infantil Comen\u00e7a a fer les primeres passes en angl\u00e8s Jugant sabem que aprenen A Welcome posem el benestar dels m\u00e9s petits al centre de l\u2019aprenentatge. Les lli\u00e7ons de valors es reforcen mitjan\u00e7ant can\u00e7ons alegres per cantar i actuar, ajudant els nens a desenvolupar les habilitats socials i emocionals que els preparen per al m\u00f3n en [&hellip;]<\/p>\n","protected":false},"author":1,"featured_media":0,"parent":119,"menu_order":0,"comment_status":"closed","ping_status":"closed","template":"","meta":{"site-sidebar-layout":"no-sidebar","site-content-layout":"page-builder","ast-site-content-layout":"default","site-content-style":"default","site-sidebar-style":"default","ast-global-header-display":"","ast-banner-title-visibility":"","ast-main-header-display":"","ast-hfb-above-header-display":"","ast-hfb-below-header-display":"","ast-hfb-mobile-header-display":"","site-post-title":"disabled","ast-breadcrumbs-content":"","ast-featured-img":"disabled","footer-sml-layout":"","ast-disable-related-posts":"","theme-transparent-header-meta":"enabled","adv-header-id-meta":"","stick-header-meta":"","header-above-stick-meta":"","header-main-stick-meta":"","header-below-stick-meta":"","astra-migrate-meta-layouts":"default","ast-page-background-enabled":"default","ast-page-background-meta":{"desktop":{"background-color":"","background-image":"","background-repeat":"repeat","background-position":"center center","background-size":"auto","background-attachment":"scroll","background-type":"","background-media":"","overlay-type":"","overlay-color":"","overlay-opacity":"","overlay-gradient":""},"tablet":{"background-color":"","background-image":"","background-repeat":"repeat","background-position":"center center","background-size":"auto","background-attachment":"scroll","background-type":"","background-media":"","overlay-type":"","overlay-color":"","overlay-opacity":"","overlay-gradient":""},"mobile":{"background-color":"","background-image":"","background-repeat":"repeat","background-position":"center center","background-size":"auto","background-attachment":"scroll","background-type":"","background-media":"","overlay-type":"","overlay-color":"","overlay-opacity":"","overlay-gradient":""}},"ast-content-background-meta":{"desktop":{"background-color":"var(--ast-global-color-5)","background-image":"","background-repeat":"repeat","background-position":"center center","background-size":"auto","background-attachment":"scroll","background-type":"","background-media":"","overlay-type":"","overlay-color":"","overlay-opacity":"","overlay-gradient":""},"tablet":{"background-color":"var(--ast-global-color-5)","background-image":"","background-repeat":"repeat","background-position":"center center","background-size":"auto","background-attachment":"scroll","background-type":"","background-media":"","overlay-type":"","overlay-color":"","overlay-opacity":"","overlay-gradient":""},"mobile":{"background-color":"var(--ast-global-color-5)","background-image":"","background-repeat":"repeat","background-position":"center center","background-size":"auto","background-attachment":"scroll","background-type":"","background-media":"","overlay-type":"","overlay-color":"","overlay-opacity":"","overlay-gradient":""}},"footnotes":""},"class_list":["post-822","page","type-page","status-publish","hentry"],"_links":{"self":[{"href":"https:\/\/welcomepalleja.es\/index.php\/wp-json\/wp\/v2\/pages\/822","targetHints":{"allow":["GET"]}}],"collection":[{"href":"https:\/\/welcomepalleja.es\/index.php\/wp-json\/wp\/v2\/pages"}],"about":[{"href":"https:\/\/welcomepalleja.es\/index.php\/wp-json\/wp\/v2\/types\/page"}],"author":[{"embeddable":true,"href":"https:\/\/welcomepalleja.es\/index.php\/wp-json\/wp\/v2\/users\/1"}],"replies":[{"embeddable":true,"href":"https:\/\/welcomepalleja.es\/index.php\/wp-json\/wp\/v2\/comments?post=822"}],"version-history":[{"count":21,"href":"https:\/\/welcomepalleja.es\/index.php\/wp-json\/wp\/v2\/pages\/822\/revisions"}],"predecessor-version":[{"id":2058,"href":"https:\/\/welcomepalleja.es\/index.php\/wp-json\/wp\/v2\/pages\/822\/revisions\/2058"}],"up":[{"embeddable":true,"href":"https:\/\/welcomepalleja.es\/index.php\/wp-json\/wp\/v2\/pages\/119"}],"wp:attachment":[{"href":"https:\/\/welcomepalleja.es\/index.php\/wp-json\/wp\/v2\/media?parent=822"}],"curies":[{"name":"wp","href":"https:\/\/api.w.org\/{rel}","templated":true}]}}