{"id":1368,"date":"2021-04-06T09:21:55","date_gmt":"2021-04-06T09:21:55","guid":{"rendered":"https:\/\/welcomepalleja.es\/?page_id=1368"},"modified":"2021-04-06T09:25:27","modified_gmt":"2021-04-06T09:25:27","slug":"infantil-i-primaria","status":"publish","type":"page","link":"https:\/\/welcomepalleja.es\/index.php\/academia-dangles\/infantil-i-primaria\/","title":{"rendered":"Infantil i primaria"},"content":{"rendered":"\t\t<div data-elementor-type=\"wp-page\" data-elementor-id=\"1368\" class=\"elementor elementor-1368\">\n\t\t\t\t\t\t<section class=\"elementor-section elementor-top-section elementor-element elementor-element-ebfacf5 elementor-section-boxed elementor-section-height-default elementor-section-height-default\" data-id=\"ebfacf5\" data-element_type=\"section\" data-e-type=\"section\" data-settings=\"{&quot;background_background&quot;:&quot;classic&quot;,&quot;shape_divider_bottom&quot;:&quot;waves&quot;}\">\n\t\t\t\t\t\t\t<div class=\"elementor-background-overlay\"><\/div>\n\t\t\t\t\t\t<div class=\"elementor-shape elementor-shape-bottom\" aria-hidden=\"true\" data-negative=\"false\">\n\t\t\t<svg xmlns=\"http:\/\/www.w3.org\/2000\/svg\" viewBox=\"0 0 1000 100\" preserveAspectRatio=\"none\">\n\t<path class=\"elementor-shape-fill\" d=\"M421.9,6.5c22.6-2.5,51.5,0.4,75.5,5.3c23.6,4.9,70.9,23.5,100.5,35.7c75.8,32.2,133.7,44.5,192.6,49.7\n\tc23.6,2.1,48.7,3.5,103.4-2.5c54.7-6,106.2-25.6,106.2-25.6V0H0v30.3c0,0,72,32.6,158.4,30.5c39.2-0.7,92.8-6.7,134-22.4\n\tc21.2-8.1,52.2-18.2,79.7-24.2C399.3,7.9,411.6,7.5,421.9,6.5z\"\/>\n<\/svg>\t\t<\/div>\n\t\t\t\t\t<div class=\"elementor-container elementor-column-gap-no\">\n\t\t\t\t\t<div class=\"elementor-column elementor-col-50 elementor-top-column elementor-element elementor-element-cc8305f\" data-id=\"cc8305f\" data-element_type=\"column\" data-e-type=\"column\">\n\t\t\t<div class=\"elementor-widget-wrap elementor-element-populated\">\n\t\t\t\t\t\t<div class=\"elementor-element elementor-element-d5a067e elementor-widget-divider--view-line elementor-widget elementor-widget-divider\" data-id=\"d5a067e\" data-element_type=\"widget\" data-e-type=\"widget\" data-widget_type=\"divider.default\">\n\t\t\t\t<div class=\"elementor-widget-container\">\n\t\t\t\t\t\t\t<div class=\"elementor-divider\">\n\t\t\t<span class=\"elementor-divider-separator\">\n\t\t\t\t\t\t<\/span>\n\t\t<\/div>\n\t\t\t\t\t\t<\/div>\n\t\t\t\t<\/div>\n\t\t\t\t<div class=\"elementor-element elementor-element-f6c431d elementor-widget elementor-widget-heading\" data-id=\"f6c431d\" data-element_type=\"widget\" data-e-type=\"widget\" data-widget_type=\"heading.default\">\n\t\t\t\t<div class=\"elementor-widget-container\">\n\t\t\t\t\t<h1 class=\"elementor-heading-title elementor-size-default\">Cursos d'Angl\u00e8s<\/h1>\t\t\t\t<\/div>\n\t\t\t\t<\/div>\n\t\t\t\t\t<\/div>\n\t\t<\/div>\n\t\t\t\t<div class=\"elementor-column elementor-col-50 elementor-top-column elementor-element elementor-element-8f8a8d5\" data-id=\"8f8a8d5\" data-element_type=\"column\" data-e-type=\"column\">\n\t\t\t<div class=\"elementor-widget-wrap elementor-element-populated\">\n\t\t\t\t\t\t<div class=\"elementor-element elementor-element-3ca9048 elementor-widget elementor-widget-text-editor\" data-id=\"3ca9048\" data-element_type=\"widget\" data-e-type=\"widget\" data-widget_type=\"text-editor.default\">\n\t\t\t\t<div class=\"elementor-widget-container\">\n\t\t\t\t\t\t\t\t\t<p>Escull segons la etapa escolar de l&#8217;alumne\/a!<\/p>\t\t\t\t\t\t\t\t<\/div>\n\t\t\t\t<\/div>\n\t\t\t\t\t<\/div>\n\t\t<\/div>\n\t\t\t\t\t<\/div>\n\t\t<\/section>\n\t\t\t\t<section class=\"elementor-section elementor-top-section elementor-element elementor-element-90e6813 elementor-section-boxed elementor-section-height-default elementor-section-height-default\" data-id=\"90e6813\" data-element_type=\"section\" data-e-type=\"section\">\n\t\t\t\t\t\t<div class=\"elementor-container elementor-column-gap-default\">\n\t\t\t\t\t<div class=\"elementor-column elementor-col-100 elementor-top-column elementor-element elementor-element-25aaa7b\" data-id=\"25aaa7b\" data-element_type=\"column\" data-e-type=\"column\">\n\t\t\t<div class=\"elementor-widget-wrap elementor-element-populated\">\n\t\t\t\t\t\t<div class=\"elementor-element elementor-element-168ae72 elementor-widget elementor-widget-spacer\" data-id=\"168ae72\" data-element_type=\"widget\" data-e-type=\"widget\" data-widget_type=\"spacer.default\">\n\t\t\t\t<div class=\"elementor-widget-container\">\n\t\t\t\t\t\t\t<div class=\"elementor-spacer\">\n\t\t\t<div class=\"elementor-spacer-inner\"><\/div>\n\t\t<\/div>\n\t\t\t\t\t\t<\/div>\n\t\t\t\t<\/div>\n\t\t\t\t<div class=\"elementor-element elementor-element-7bcc5ea elementor-widget-divider--view-line elementor-widget elementor-widget-divider\" data-id=\"7bcc5ea\" data-element_type=\"widget\" data-e-type=\"widget\" data-widget_type=\"divider.default\">\n\t\t\t\t<div class=\"elementor-widget-container\">\n\t\t\t\t\t\t\t<div class=\"elementor-divider\">\n\t\t\t<span class=\"elementor-divider-separator\">\n\t\t\t\t\t\t<\/span>\n\t\t<\/div>\n\t\t\t\t\t\t<\/div>\n\t\t\t\t<\/div>\n\t\t\t\t<div class=\"elementor-element elementor-element-06b47ef elementor-widget elementor-widget-heading\" data-id=\"06b47ef\" data-element_type=\"widget\" data-e-type=\"widget\" data-widget_type=\"heading.default\">\n\t\t\t\t<div class=\"elementor-widget-container\">\n\t\t\t\t\t<h2 class=\"elementor-heading-title elementor-size-default\">Troba El Teu Curs.<\/h2>\t\t\t\t<\/div>\n\t\t\t\t<\/div>\n\t\t\t\t<div class=\"elementor-element elementor-element-2d59409 elementor-widget elementor-widget-spacer\" data-id=\"2d59409\" data-element_type=\"widget\" data-e-type=\"widget\" data-widget_type=\"spacer.default\">\n\t\t\t\t<div class=\"elementor-widget-container\">\n\t\t\t\t\t\t\t<div class=\"elementor-spacer\">\n\t\t\t<div class=\"elementor-spacer-inner\"><\/div>\n\t\t<\/div>\n\t\t\t\t\t\t<\/div>\n\t\t\t\t<\/div>\n\t\t\t\t<div class=\"elementor-element elementor-element-6f5e0bb eael-fg-card-content-align-left elementor-widget elementor-widget-eael-filterable-gallery\" data-id=\"6f5e0bb\" data-element_type=\"widget\" data-e-type=\"widget\" data-settings=\"{&quot;photo_gallery&quot;:&quot;yes&quot;}\" data-widget_type=\"eael-filterable-gallery.default\">\n\t\t\t\t<div class=\"elementor-widget-container\">\n\t\t\t\t\t<style id=\"eael-fg-inline-css-6f5e0bb\">@media only screen and (max-width: 2399px) {\n\t\t\t\t\t.elementor-element.elementor-element-6f5e0bb .eael-filterable-gallery-item-wrap {\n\t\t\t\t\t        width: 50%;\n\t\t\t\t\t    }\n\t\t\t\t\t}@media only screen and (max-width: 1024px) {\n\t\t\t\t\t.elementor-element.elementor-element-6f5e0bb  .eael-filterable-gallery-item-wrap {\n\t\t\t\t\t        width: 50%;\n\t\t\t\t\t    }\n\t\t\t\t\t}@media only screen and (max-width: 767px) {\n\t\t\t\t\t.elementor-element.elementor-element-6f5e0bb  .eael-filterable-gallery-item-wrap {\n\t\t\t\t\t        width: 100%;\n\t\t\t\t\t    }\n\t\t\t\t\t}<\/style>        <div id=\"eael-filter-gallery-wrapper-6f5e0bb\" class=\"eael-filter-gallery-wrapper\" data-layout-mode=\"layout_3\" data-breakpoints=\"{&quot;mobile&quot;:{&quot;label&quot;:&quot;Mobile Portrait&quot;,&quot;value&quot;:767,&quot;default_value&quot;:767,&quot;direction&quot;:&quot;max&quot;,&quot;is_enabled&quot;:true},&quot;mobile_extra&quot;:{&quot;label&quot;:&quot;Mobile Landscape&quot;,&quot;value&quot;:880,&quot;default_value&quot;:880,&quot;direction&quot;:&quot;max&quot;,&quot;is_enabled&quot;:false},&quot;tablet&quot;:{&quot;label&quot;:&quot;Tablet Portrait&quot;,&quot;value&quot;:1024,&quot;default_value&quot;:1024,&quot;direction&quot;:&quot;max&quot;,&quot;is_enabled&quot;:true},&quot;tablet_extra&quot;:{&quot;label&quot;:&quot;Tablet Landscape&quot;,&quot;value&quot;:1200,&quot;default_value&quot;:1200,&quot;direction&quot;:&quot;max&quot;,&quot;is_enabled&quot;:false},&quot;laptop&quot;:{&quot;label&quot;:&quot;Laptop&quot;,&quot;value&quot;:1366,&quot;default_value&quot;:1366,&quot;direction&quot;:&quot;max&quot;,&quot;is_enabled&quot;:false},&quot;widescreen&quot;:{&quot;label&quot;:&quot;Widescreen&quot;,&quot;value&quot;:2400,&quot;default_value&quot;:2400,&quot;direction&quot;:&quot;min&quot;,&quot;is_enabled&quot;:false}}\" data-default_control_key=\"0\" data-custom_default_control=\"1\">\n                    <div class=\"eael-filter-gallery-container eael-filter-gallery-grid\" data-images-per-page=\"\" data-total-gallery-items=\"2\" data-nomore-item-text=\"\" data-is-randomize=\"no\" data-settings=\"{&quot;grid_style&quot;:&quot;grid&quot;,&quot;popup&quot;:&quot;buttons&quot;,&quot;duration&quot;:500,&quot;gallery_enabled&quot;:&quot;yes&quot;,&quot;video_gallery_yt_privacy&quot;:&quot;&quot;,&quot;control_all_text&quot;:null,&quot;mobile_scroll_to_top&quot;:&quot;&quot;,&quot;mobile_scroll_offset&quot;:0,&quot;post_id&quot;:1368,&quot;widget_id&quot;:&quot;6f5e0bb&quot;}\" data-search-all=\"\" data-gallery-items=\"WyI8ZGl2IGNsYXNzPVwiZWFlbC1maWx0ZXJhYmxlLWdhbGxlcnktaXRlbS13cmFwIGVhZWwtY2YtXCIgZGF0YS1zZWFyY2gta2V5PVwiaW5mYW50aWxcIj48ZGl2IGNsYXNzPVwiZmctbGF5b3V0LTMtaXRlbSBlYWVsLWdhbGxlcnktZ3JpZC1pdGVtXCI+PGEgaHJlZj1cImh0dHBzOlwvXC93ZWxjb21lcGFsbGVqYS5lc1wvaW5kZXgucGhwXC9pbmZhbnRpbFwvXCI+PGRpdiBjbGFzcz1cImdhbGxlcnktaXRlbS10aHVtYm5haWwtd3JhcCBmZy1sYXlvdXQtMy1pdGVtLXRodW1iXCI+PGltZyB3aWR0aD1cIjMwMFwiIGhlaWdodD1cIjI1MVwiIHNyYz1cImh0dHBzOlwvXC93ZWxjb21lcGFsbGVqYS5lc1wvd3AtY29udGVudFwvdXBsb2Fkc1wvMjAyMVwvMDFcL0NhcHR1cmEtZGUtcGFudGFsbGEtMjAyMS0wMS0xMy1hLWxhcy0yLjM5LjA2LTMwMHgyNTEucG5nXCIgY2xhc3M9XCJhdHRhY2htZW50LW1lZGl1bSBzaXplLW1lZGl1bSB3cC1pbWFnZS02MDVcIiBhbHQ9XCJcIiBzcmNzZXQ9XCJodHRwczpcL1wvd2VsY29tZXBhbGxlamEuZXNcL3dwLWNvbnRlbnRcL3VwbG9hZHNcLzIwMjFcLzAxXC9DYXB0dXJhLWRlLXBhbnRhbGxhLTIwMjEtMDEtMTMtYS1sYXMtMi4zOS4wNi0zMDB4MjUxLnBuZyAzMDB3LCBodHRwczpcL1wvd2VsY29tZXBhbGxlamEuZXNcL3dwLWNvbnRlbnRcL3VwbG9hZHNcLzIwMjFcLzAxXC9DYXB0dXJhLWRlLXBhbnRhbGxhLTIwMjEtMDEtMTMtYS1sYXMtMi4zOS4wNi0xMDI0eDg1Ny5wbmcgMTAyNHcsIGh0dHBzOlwvXC93ZWxjb21lcGFsbGVqYS5lc1wvd3AtY29udGVudFwvdXBsb2Fkc1wvMjAyMVwvMDFcL0NhcHR1cmEtZGUtcGFudGFsbGEtMjAyMS0wMS0xMy1hLWxhcy0yLjM5LjA2LTc2OHg2NDMucG5nIDc2OHcsIGh0dHBzOlwvXC93ZWxjb21lcGFsbGVqYS5lc1wvd3AtY29udGVudFwvdXBsb2Fkc1wvMjAyMVwvMDFcL0NhcHR1cmEtZGUtcGFudGFsbGEtMjAyMS0wMS0xMy1hLWxhcy0yLjM5LjA2LTE1MzZ4MTI4NS5wbmcgMTUzNncsIGh0dHBzOlwvXC93ZWxjb21lcGFsbGVqYS5lc1wvd3AtY29udGVudFwvdXBsb2Fkc1wvMjAyMVwvMDFcL0NhcHR1cmEtZGUtcGFudGFsbGEtMjAyMS0wMS0xMy1hLWxhcy0yLjM5LjA2LTIwNDh4MTcxNC5wbmcgMjA0OHdcIiBzaXplcz1cIihtYXgtd2lkdGg6IDMwMHB4KSAxMDB2dywgMzAwcHhcIiBcLz48ZGl2IGNsYXNzPVwiZ2FsbGVyeS1pdGVtLWNhcHRpb24td3JhcCBjYXJkLWhvdmVyLWJnIGNhcHRpb24tc3R5bGUtaG92ZXJlclwiPjxkaXYgY2xhc3M9XCJmZy1jYXB0aW9uLWhlYWRcIj48XC9kaXY+PFwvZGl2PjxcL2Rpdj48XC9hPjxkaXYgY2xhc3M9XCJmZy1sYXlvdXQtMy1pdGVtLWNvbnRlbnRcIj48aDIgY2xhc3M9XCJmZy1pdGVtLXRpdGxlXCI+SW5mYW50aWw8XC9oMj48ZGl2IGNsYXNzPVwiZmctaXRlbS1jb250ZW50XCI+PHA+RGVzY29icmVpeCBlbHMgZGlmZXJlbnRzIGN1cnNvcyBwZXIgYSBuZW5zIGkgbmVuZXMgZGUgUC0zLCBQLTQgaSBQNS5cdTAwYTA8XC9wPlxuPFwvZGl2PjxcL2Rpdj48XC9kaXY+PFwvZGl2PiIsIjxkaXYgY2xhc3M9XCJlYWVsLWZpbHRlcmFibGUtZ2FsbGVyeS1pdGVtLXdyYXAgZWFlbC1jZi1cIiBkYXRhLXNlYXJjaC1rZXk9XCJwcmltXHUwMGUwcmlhXCI+PGRpdiBjbGFzcz1cImZnLWxheW91dC0zLWl0ZW0gZWFlbC1nYWxsZXJ5LWdyaWQtaXRlbVwiPjxhIGhyZWY9XCJodHRwczpcL1wvd2VsY29tZXBhbGxlamEuZXNcL2luZGV4LnBocFwvY3Vyc29zXC9wcmltYXJpYVwvXCI+PGRpdiBjbGFzcz1cImdhbGxlcnktaXRlbS10aHVtYm5haWwtd3JhcCBmZy1sYXlvdXQtMy1pdGVtLXRodW1iXCI+PGltZyB3aWR0aD1cIjMwMFwiIGhlaWdodD1cIjI1MVwiIHNyYz1cImh0dHBzOlwvXC93ZWxjb21lcGFsbGVqYS5lc1wvd3AtY29udGVudFwvdXBsb2Fkc1wvMjAyMVwvMDFcL0NhcHR1cmEtZGUtcGFudGFsbGEtMjAyMS0wMS0xMy1hLWxhcy0yLjM5LjIxLTMwMHgyNTEucG5nXCIgY2xhc3M9XCJhdHRhY2htZW50LW1lZGl1bSBzaXplLW1lZGl1bSB3cC1pbWFnZS02MDZcIiBhbHQ9XCJcIiBzcmNzZXQ9XCJodHRwczpcL1wvd2VsY29tZXBhbGxlamEuZXNcL3dwLWNvbnRlbnRcL3VwbG9hZHNcLzIwMjFcLzAxXC9DYXB0dXJhLWRlLXBhbnRhbGxhLTIwMjEtMDEtMTMtYS1sYXMtMi4zOS4yMS0zMDB4MjUxLnBuZyAzMDB3LCBodHRwczpcL1wvd2VsY29tZXBhbGxlamEuZXNcL3dwLWNvbnRlbnRcL3VwbG9hZHNcLzIwMjFcLzAxXC9DYXB0dXJhLWRlLXBhbnRhbGxhLTIwMjEtMDEtMTMtYS1sYXMtMi4zOS4yMS0xMDI0eDg1Ny5wbmcgMTAyNHcsIGh0dHBzOlwvXC93ZWxjb21lcGFsbGVqYS5lc1wvd3AtY29udGVudFwvdXBsb2Fkc1wvMjAyMVwvMDFcL0NhcHR1cmEtZGUtcGFudGFsbGEtMjAyMS0wMS0xMy1hLWxhcy0yLjM5LjIxLTc2OHg2NDMucG5nIDc2OHcsIGh0dHBzOlwvXC93ZWxjb21lcGFsbGVqYS5lc1wvd3AtY29udGVudFwvdXBsb2Fkc1wvMjAyMVwvMDFcL0NhcHR1cmEtZGUtcGFudGFsbGEtMjAyMS0wMS0xMy1hLWxhcy0yLjM5LjIxLTE1MzZ4MTI4Ni5wbmcgMTUzNncsIGh0dHBzOlwvXC93ZWxjb21lcGFsbGVqYS5lc1wvd3AtY29udGVudFwvdXBsb2Fkc1wvMjAyMVwvMDFcL0NhcHR1cmEtZGUtcGFudGFsbGEtMjAyMS0wMS0xMy1hLWxhcy0yLjM5LjIxLTIwNDh4MTcxNS5wbmcgMjA0OHdcIiBzaXplcz1cIihtYXgtd2lkdGg6IDMwMHB4KSAxMDB2dywgMzAwcHhcIiBcLz48ZGl2IGNsYXNzPVwiZ2FsbGVyeS1pdGVtLWNhcHRpb24td3JhcCBjYXJkLWhvdmVyLWJnIGNhcHRpb24tc3R5bGUtaG92ZXJlclwiPjxkaXYgY2xhc3M9XCJmZy1jYXB0aW9uLWhlYWRcIj48XC9kaXY+PFwvZGl2PjxcL2Rpdj48XC9hPjxkaXYgY2xhc3M9XCJmZy1sYXlvdXQtMy1pdGVtLWNvbnRlbnRcIj48aDIgY2xhc3M9XCJmZy1pdGVtLXRpdGxlXCI+UHJpbVx1MDBlMHJpYTxcL2gyPjxkaXYgY2xhc3M9XCJmZy1pdGVtLWNvbnRlbnRcIj48cD5JbmZvcm1hJiM4MjE3O3Qgc29icmUgZWxzIGN1cnNvcyBwZWxzIG5lbnMgaSBuZW5lcyBkZSAxZXIgYSA2XHUwMGU4IGRlIHByaW1cdTAwZTByaWEuPFwvcD5cbjxcL2Rpdj48XC9kaXY+PFwvZGl2PjxcL2Rpdj4iXQ==\" data-init-show=\"2\">\n            <div class=\"eael-filterable-gallery-item-wrap eael-cf-\" data-search-key=\"infantil\"><div class=\"fg-layout-3-item eael-gallery-grid-item\"><a href=\"https:\/\/welcomepalleja.es\/index.php\/infantil\/\"><div class=\"gallery-item-thumbnail-wrap fg-layout-3-item-thumb\"><img fetchpriority=\"high\" decoding=\"async\" width=\"300\" height=\"251\" src=\"https:\/\/welcomepalleja.es\/wp-content\/uploads\/2021\/01\/Captura-de-pantalla-2021-01-13-a-las-2.39.06-300x251.png\" class=\"attachment-medium size-medium wp-image-605\" alt=\"\" srcset=\"https:\/\/welcomepalleja.es\/wp-content\/uploads\/2021\/01\/Captura-de-pantalla-2021-01-13-a-las-2.39.06-300x251.png 300w, https:\/\/welcomepalleja.es\/wp-content\/uploads\/2021\/01\/Captura-de-pantalla-2021-01-13-a-las-2.39.06-1024x857.png 1024w, https:\/\/welcomepalleja.es\/wp-content\/uploads\/2021\/01\/Captura-de-pantalla-2021-01-13-a-las-2.39.06-768x643.png 768w, https:\/\/welcomepalleja.es\/wp-content\/uploads\/2021\/01\/Captura-de-pantalla-2021-01-13-a-las-2.39.06-1536x1285.png 1536w, https:\/\/welcomepalleja.es\/wp-content\/uploads\/2021\/01\/Captura-de-pantalla-2021-01-13-a-las-2.39.06-2048x1714.png 2048w\" sizes=\"(max-width: 300px) 100vw, 300px\" \/><div class=\"gallery-item-caption-wrap card-hover-bg caption-style-hoverer\"><div class=\"fg-caption-head\"><\/div><\/div><\/div><\/a><div class=\"fg-layout-3-item-content\"><h2 class=\"fg-item-title\">Infantil<\/h2><div class=\"fg-item-content\"><p>Descobreix els diferents cursos per a nens i nenes de P-3, P-4 i P5.\u00a0<\/p>\n<\/div><\/div><\/div><\/div><div class=\"eael-filterable-gallery-item-wrap eael-cf-\" data-search-key=\"prim\u00e0ria\"><div class=\"fg-layout-3-item eael-gallery-grid-item\"><a href=\"https:\/\/welcomepalleja.es\/index.php\/cursos\/primaria\/\"><div class=\"gallery-item-thumbnail-wrap fg-layout-3-item-thumb\"><img decoding=\"async\" width=\"300\" height=\"251\" src=\"https:\/\/welcomepalleja.es\/wp-content\/uploads\/2021\/01\/Captura-de-pantalla-2021-01-13-a-las-2.39.21-300x251.png\" class=\"attachment-medium size-medium wp-image-606\" alt=\"\" srcset=\"https:\/\/welcomepalleja.es\/wp-content\/uploads\/2021\/01\/Captura-de-pantalla-2021-01-13-a-las-2.39.21-300x251.png 300w, https:\/\/welcomepalleja.es\/wp-content\/uploads\/2021\/01\/Captura-de-pantalla-2021-01-13-a-las-2.39.21-1024x857.png 1024w, https:\/\/welcomepalleja.es\/wp-content\/uploads\/2021\/01\/Captura-de-pantalla-2021-01-13-a-las-2.39.21-768x643.png 768w, https:\/\/welcomepalleja.es\/wp-content\/uploads\/2021\/01\/Captura-de-pantalla-2021-01-13-a-las-2.39.21-1536x1286.png 1536w, https:\/\/welcomepalleja.es\/wp-content\/uploads\/2021\/01\/Captura-de-pantalla-2021-01-13-a-las-2.39.21-2048x1715.png 2048w\" sizes=\"(max-width: 300px) 100vw, 300px\" \/><div class=\"gallery-item-caption-wrap card-hover-bg caption-style-hoverer\"><div class=\"fg-caption-head\"><\/div><\/div><\/div><\/a><div class=\"fg-layout-3-item-content\"><h2 class=\"fg-item-title\">Prim\u00e0ria<\/h2><div class=\"fg-item-content\"><p>Informa&#8217;t sobre els cursos pels nens i nenes de 1er a 6\u00e8 de prim\u00e0ria.<\/p>\n<\/div><\/div><\/div><\/div>            <div id=\"eael-fg-no-items-found\" style=\"display:none;\">\n                No Items Found            <\/div>\n                    <\/div>\n                <\/div>\n        \n        \t\t\t\t<\/div>\n\t\t\t\t<\/div>\n\t\t\t\t\t<\/div>\n\t\t<\/div>\n\t\t\t\t\t<\/div>\n\t\t<\/section>\n\t\t\t\t<section class=\"elementor-section elementor-top-section elementor-element elementor-element-a5c0771 elementor-section-boxed elementor-section-height-default elementor-section-height-default\" data-id=\"a5c0771\" data-element_type=\"section\" data-e-type=\"section\">\n\t\t\t\t\t\t<div class=\"elementor-container elementor-column-gap-default\">\n\t\t\t\t\t<div class=\"elementor-column elementor-col-100 elementor-top-column elementor-element elementor-element-321b674\" data-id=\"321b674\" data-element_type=\"column\" data-e-type=\"column\">\n\t\t\t<div class=\"elementor-widget-wrap elementor-element-populated\">\n\t\t\t\t\t\t<div class=\"elementor-element elementor-element-9ce14e1 elementor-widget elementor-widget-spacer\" data-id=\"9ce14e1\" data-element_type=\"widget\" data-e-type=\"widget\" data-widget_type=\"spacer.default\">\n\t\t\t\t<div class=\"elementor-widget-container\">\n\t\t\t\t\t\t\t<div class=\"elementor-spacer\">\n\t\t\t<div class=\"elementor-spacer-inner\"><\/div>\n\t\t<\/div>\n\t\t\t\t\t\t<\/div>\n\t\t\t\t<\/div>\n\t\t\t\t\t<\/div>\n\t\t<\/div>\n\t\t\t\t\t<\/div>\n\t\t<\/section>\n\t\t\t\t<\/div>\n\t\t","protected":false},"excerpt":{"rendered":"<p>Cursos d&#8217;Angl\u00e8s Escull segons la etapa escolar de l&#8217;alumne\/a! Troba El Teu Curs. Infantil Descobreix els diferents cursos per a nens i nenes de P-3, P-4 i P5.\u00a0 Prim\u00e0ria Informa&#8217;t sobre els cursos pels nens i nenes de 1er a 6\u00e8 de prim\u00e0ria.<\/p>\n","protected":false},"author":1,"featured_media":0,"parent":181,"menu_order":0,"comment_status":"closed","ping_status":"closed","template":"","meta":{"site-sidebar-layout":"no-sidebar","site-content-layout":"page-builder","ast-site-content-layout":"default","site-content-style":"default","site-sidebar-style":"default","ast-global-header-display":"","ast-banner-title-visibility":"","ast-main-header-display":"","ast-hfb-above-header-display":"","ast-hfb-below-header-display":"","ast-hfb-mobile-header-display":"","site-post-title":"disabled","ast-breadcrumbs-content":"","ast-featured-img":"disabled","footer-sml-layout":"","ast-disable-related-posts":"","theme-transparent-header-meta":"enabled","adv-header-id-meta":"","stick-header-meta":"","header-above-stick-meta":"","header-main-stick-meta":"","header-below-stick-meta":"","astra-migrate-meta-layouts":"default","ast-page-background-enabled":"default","ast-page-background-meta":{"desktop":{"background-color":"","background-image":"","background-repeat":"repeat","background-position":"center center","background-size":"auto","background-attachment":"scroll","background-type":"","background-media":"","overlay-type":"","overlay-color":"","overlay-opacity":"","overlay-gradient":""},"tablet":{"background-color":"","background-image":"","background-repeat":"repeat","background-position":"center center","background-size":"auto","background-attachment":"scroll","background-type":"","background-media":"","overlay-type":"","overlay-color":"","overlay-opacity":"","overlay-gradient":""},"mobile":{"background-color":"","background-image":"","background-repeat":"repeat","background-position":"center center","background-size":"auto","background-attachment":"scroll","background-type":"","background-media":"","overlay-type":"","overlay-color":"","overlay-opacity":"","overlay-gradient":""}},"ast-content-background-meta":{"desktop":{"background-color":"var(--ast-global-color-5)","background-image":"","background-repeat":"repeat","background-position":"center center","background-size":"auto","background-attachment":"scroll","background-type":"","background-media":"","overlay-type":"","overlay-color":"","overlay-opacity":"","overlay-gradient":""},"tablet":{"background-color":"var(--ast-global-color-5)","background-image":"","background-repeat":"repeat","background-position":"center center","background-size":"auto","background-attachment":"scroll","background-type":"","background-media":"","overlay-type":"","overlay-color":"","overlay-opacity":"","overlay-gradient":""},"mobile":{"background-color":"var(--ast-global-color-5)","background-image":"","background-repeat":"repeat","background-position":"center center","background-size":"auto","background-attachment":"scroll","background-type":"","background-media":"","overlay-type":"","overlay-color":"","overlay-opacity":"","overlay-gradient":""}},"footnotes":""},"class_list":["post-1368","page","type-page","status-publish","hentry"],"_links":{"self":[{"href":"https:\/\/welcomepalleja.es\/index.php\/wp-json\/wp\/v2\/pages\/1368","targetHints":{"allow":["GET"]}}],"collection":[{"href":"https:\/\/welcomepalleja.es\/index.php\/wp-json\/wp\/v2\/pages"}],"about":[{"href":"https:\/\/welcomepalleja.es\/index.php\/wp-json\/wp\/v2\/types\/page"}],"author":[{"embeddable":true,"href":"https:\/\/welcomepalleja.es\/index.php\/wp-json\/wp\/v2\/users\/1"}],"replies":[{"embeddable":true,"href":"https:\/\/welcomepalleja.es\/index.php\/wp-json\/wp\/v2\/comments?post=1368"}],"version-history":[{"count":0,"href":"https:\/\/welcomepalleja.es\/index.php\/wp-json\/wp\/v2\/pages\/1368\/revisions"}],"up":[{"embeddable":true,"href":"https:\/\/welcomepalleja.es\/index.php\/wp-json\/wp\/v2\/pages\/181"}],"wp:attachment":[{"href":"https:\/\/welcomepalleja.es\/index.php\/wp-json\/wp\/v2\/media?parent=1368"}],"curies":[{"name":"wp","href":"https:\/\/api.w.org\/{rel}","templated":true}]}}