{"id":1198,"date":"2021-04-05T08:52:46","date_gmt":"2021-04-05T08:52:46","guid":{"rendered":"https:\/\/welcomepalleja.es\/?page_id=1198"},"modified":"2023-05-13T10:08:26","modified_gmt":"2023-05-13T08:08:26","slug":"adults","status":"publish","type":"page","link":"https:\/\/welcomepalleja.es\/index.php\/cursos\/adults\/","title":{"rendered":"Adults"},"content":{"rendered":"\t\t<div data-elementor-type=\"wp-page\" data-elementor-id=\"1198\" class=\"elementor elementor-1198\">\n\t\t\t\t\t\t<section class=\"elementor-section elementor-top-section elementor-element elementor-element-ebfacf5 elementor-section-boxed elementor-section-height-default elementor-section-height-default\" data-id=\"ebfacf5\" data-element_type=\"section\" data-e-type=\"section\" data-settings=\"{&quot;background_background&quot;:&quot;classic&quot;,&quot;shape_divider_bottom&quot;:&quot;waves&quot;}\">\n\t\t\t\t\t\t\t<div class=\"elementor-background-overlay\"><\/div>\n\t\t\t\t\t\t<div class=\"elementor-shape elementor-shape-bottom\" aria-hidden=\"true\" data-negative=\"false\">\n\t\t\t<svg xmlns=\"http:\/\/www.w3.org\/2000\/svg\" viewBox=\"0 0 1000 100\" preserveAspectRatio=\"none\">\n\t<path class=\"elementor-shape-fill\" d=\"M421.9,6.5c22.6-2.5,51.5,0.4,75.5,5.3c23.6,4.9,70.9,23.5,100.5,35.7c75.8,32.2,133.7,44.5,192.6,49.7\n\tc23.6,2.1,48.7,3.5,103.4-2.5c54.7-6,106.2-25.6,106.2-25.6V0H0v30.3c0,0,72,32.6,158.4,30.5c39.2-0.7,92.8-6.7,134-22.4\n\tc21.2-8.1,52.2-18.2,79.7-24.2C399.3,7.9,411.6,7.5,421.9,6.5z\"\/>\n<\/svg>\t\t<\/div>\n\t\t\t\t\t<div class=\"elementor-container elementor-column-gap-no\">\n\t\t\t\t\t<div class=\"elementor-column elementor-col-50 elementor-top-column elementor-element elementor-element-cc8305f\" data-id=\"cc8305f\" data-element_type=\"column\" data-e-type=\"column\">\n\t\t\t<div class=\"elementor-widget-wrap elementor-element-populated\">\n\t\t\t\t\t\t<div class=\"elementor-element elementor-element-d5a067e elementor-widget-divider--view-line elementor-widget elementor-widget-divider\" data-id=\"d5a067e\" data-element_type=\"widget\" data-e-type=\"widget\" data-widget_type=\"divider.default\">\n\t\t\t\t<div class=\"elementor-widget-container\">\n\t\t\t\t\t\t\t<div class=\"elementor-divider\">\n\t\t\t<span class=\"elementor-divider-separator\">\n\t\t\t\t\t\t<\/span>\n\t\t<\/div>\n\t\t\t\t\t\t<\/div>\n\t\t\t\t<\/div>\n\t\t\t\t<div class=\"elementor-element elementor-element-f6c431d elementor-widget elementor-widget-heading\" data-id=\"f6c431d\" data-element_type=\"widget\" data-e-type=\"widget\" data-widget_type=\"heading.default\">\n\t\t\t\t<div class=\"elementor-widget-container\">\n\t\t\t\t\t<h1 class=\"elementor-heading-title elementor-size-default\">Cursos per Adults<\/h1>\t\t\t\t<\/div>\n\t\t\t\t<\/div>\n\t\t\t\t\t<\/div>\n\t\t<\/div>\n\t\t\t\t<div class=\"elementor-column elementor-col-50 elementor-top-column elementor-element elementor-element-8f8a8d5\" data-id=\"8f8a8d5\" data-element_type=\"column\" data-e-type=\"column\">\n\t\t\t<div class=\"elementor-widget-wrap elementor-element-populated\">\n\t\t\t\t\t\t<div class=\"elementor-element elementor-element-3ca9048 elementor-widget elementor-widget-text-editor\" data-id=\"3ca9048\" data-element_type=\"widget\" data-e-type=\"widget\" data-widget_type=\"text-editor.default\">\n\t\t\t\t<div class=\"elementor-widget-container\">\n\t\t\t\t\t\t\t\t\t<p>Mai \u00e9s tard per comen\u00e7ar a estudiar un idioma. Sigui quin sigui el teu objectiu, professional o de lleure, els nostres cursos t&#8217;ajudaran a complir-lo!<\/p>\t\t\t\t\t\t\t\t<\/div>\n\t\t\t\t<\/div>\n\t\t\t\t\t<\/div>\n\t\t<\/div>\n\t\t\t\t\t<\/div>\n\t\t<\/section>\n\t\t\t\t<section class=\"elementor-section elementor-top-section elementor-element elementor-element-f6b5967 elementor-section-boxed elementor-section-height-default elementor-section-height-default\" data-id=\"f6b5967\" data-element_type=\"section\" data-e-type=\"section\">\n\t\t\t\t\t\t<div class=\"elementor-container elementor-column-gap-default\">\n\t\t\t\t\t<div class=\"elementor-column elementor-col-100 elementor-top-column elementor-element elementor-element-3001979\" data-id=\"3001979\" data-element_type=\"column\" data-e-type=\"column\">\n\t\t\t<div class=\"elementor-widget-wrap elementor-element-populated\">\n\t\t\t\t\t\t<div class=\"elementor-element elementor-element-2f546af elementor-widget elementor-widget-spacer\" data-id=\"2f546af\" data-element_type=\"widget\" data-e-type=\"widget\" data-widget_type=\"spacer.default\">\n\t\t\t\t<div class=\"elementor-widget-container\">\n\t\t\t\t\t\t\t<div class=\"elementor-spacer\">\n\t\t\t<div class=\"elementor-spacer-inner\"><\/div>\n\t\t<\/div>\n\t\t\t\t\t\t<\/div>\n\t\t\t\t<\/div>\n\t\t\t\t<div class=\"elementor-element elementor-element-adb85e4 elementor-widget elementor-widget-heading\" data-id=\"adb85e4\" data-element_type=\"widget\" data-e-type=\"widget\" data-widget_type=\"heading.default\">\n\t\t\t\t<div class=\"elementor-widget-container\">\n\t\t\t\t\t<h2 class=\"elementor-heading-title elementor-size-default\">Fes una inversi\u00f3 en el teu futur<\/h2>\t\t\t\t<\/div>\n\t\t\t\t<\/div>\n\t\t\t\t<div class=\"elementor-element elementor-element-b3cc62e elementor-widget elementor-widget-text-editor\" data-id=\"b3cc62e\" data-element_type=\"widget\" data-e-type=\"widget\" data-widget_type=\"text-editor.default\">\n\t\t\t\t<div class=\"elementor-widget-container\">\n\t\t\t\t\t\t\t\t\t<p class=\"tw-data-text tw-text-large XcVN5d tw-ta\" dir=\"ltr\" style=\"text-align: center;\" data-placeholder=\"Translation\"><span lang=\"ca\">El m\u00e8tode de formaci\u00f3 que seguim est\u00e0 orientat a la comunicaci\u00f3, amb classes din\u00e0miques i totalment <strong>immersives<\/strong>, per estudiar <strong>com si estigu\u00e9ssim en un pa\u00eds de parla anglesa<\/strong>. <\/span>L\u2019objectiu principal \u00e9s arribar com m\u00e9s aviat possible a comunicar-se en angl\u00e8s amb una bona flu\u00efdesa. Tot aix\u00f2 sense perdre de vista que el nostre m\u00e8tode inclou les 5 \u00e0rees necess\u00e0ries per a la preparaci\u00f3 dels ex\u00e0mens oficials de Cambridge ESOL. Aix\u00f2 permet que, arribat el moment, l&#8217;alumne\/a pugui presentarse a les <strong>certificacions oficials de Cambridge<\/strong>.\u00a0<span lang=\"ca\">Les classes de <strong>Speaking<\/strong> estan dirigides a persones que vulguin millorar la seva capacitat comunicativa en angl\u00e8s o mantenir el seu nivell. Per aconseguir-ho, oferim a l&#8217;alumnat un <strong>entorn dist\u00e8s i l\u00fadic<\/strong> que facilita el debat i el di\u00e0leg en contextos d&#8217;una realitat actual.<\/span><\/p>\t\t\t\t\t\t\t\t<\/div>\n\t\t\t\t<\/div>\n\t\t\t\t\t<\/div>\n\t\t<\/div>\n\t\t\t\t\t<\/div>\n\t\t<\/section>\n\t\t\t\t<section class=\"elementor-section elementor-top-section elementor-element elementor-element-90e6813 elementor-section-boxed elementor-section-height-default elementor-section-height-default\" data-id=\"90e6813\" data-element_type=\"section\" data-e-type=\"section\">\n\t\t\t\t\t\t<div class=\"elementor-container elementor-column-gap-default\">\n\t\t\t\t\t<div class=\"elementor-column elementor-col-100 elementor-top-column elementor-element elementor-element-25aaa7b\" data-id=\"25aaa7b\" data-element_type=\"column\" data-e-type=\"column\">\n\t\t\t<div class=\"elementor-widget-wrap elementor-element-populated\">\n\t\t\t\t\t\t<div class=\"elementor-element elementor-element-6f5e0bb eael-fg-card-content-align-left elementor-widget elementor-widget-eael-filterable-gallery\" data-id=\"6f5e0bb\" data-element_type=\"widget\" data-e-type=\"widget\" data-settings=\"{&quot;photo_gallery&quot;:&quot;yes&quot;}\" data-widget_type=\"eael-filterable-gallery.default\">\n\t\t\t\t<div class=\"elementor-widget-container\">\n\t\t\t\t\t<style id=\"eael-fg-inline-css-6f5e0bb\">@media only screen and (max-width: 2399px) {\n\t\t\t\t\t.elementor-element.elementor-element-6f5e0bb .eael-filterable-gallery-item-wrap {\n\t\t\t\t\t        width: 33.333333333333%;\n\t\t\t\t\t    }\n\t\t\t\t\t}@media only screen and (max-width: 1024px) {\n\t\t\t\t\t.elementor-element.elementor-element-6f5e0bb  .eael-filterable-gallery-item-wrap {\n\t\t\t\t\t        width: 50%;\n\t\t\t\t\t    }\n\t\t\t\t\t}@media only screen and (max-width: 767px) {\n\t\t\t\t\t.elementor-element.elementor-element-6f5e0bb  .eael-filterable-gallery-item-wrap {\n\t\t\t\t\t        width: 100%;\n\t\t\t\t\t    }\n\t\t\t\t\t}<\/style>        <div id=\"eael-filter-gallery-wrapper-6f5e0bb\" class=\"eael-filter-gallery-wrapper\" data-layout-mode=\"layout_3\" data-breakpoints=\"{&quot;mobile&quot;:{&quot;label&quot;:&quot;Mobile Portrait&quot;,&quot;value&quot;:767,&quot;default_value&quot;:767,&quot;direction&quot;:&quot;max&quot;,&quot;is_enabled&quot;:true},&quot;mobile_extra&quot;:{&quot;label&quot;:&quot;Mobile Landscape&quot;,&quot;value&quot;:880,&quot;default_value&quot;:880,&quot;direction&quot;:&quot;max&quot;,&quot;is_enabled&quot;:false},&quot;tablet&quot;:{&quot;label&quot;:&quot;Tablet Portrait&quot;,&quot;value&quot;:1024,&quot;default_value&quot;:1024,&quot;direction&quot;:&quot;max&quot;,&quot;is_enabled&quot;:true},&quot;tablet_extra&quot;:{&quot;label&quot;:&quot;Tablet Landscape&quot;,&quot;value&quot;:1200,&quot;default_value&quot;:1200,&quot;direction&quot;:&quot;max&quot;,&quot;is_enabled&quot;:false},&quot;laptop&quot;:{&quot;label&quot;:&quot;Laptop&quot;,&quot;value&quot;:1366,&quot;default_value&quot;:1366,&quot;direction&quot;:&quot;max&quot;,&quot;is_enabled&quot;:false},&quot;widescreen&quot;:{&quot;label&quot;:&quot;Widescreen&quot;,&quot;value&quot;:2400,&quot;default_value&quot;:2400,&quot;direction&quot;:&quot;min&quot;,&quot;is_enabled&quot;:false}}\" data-default_control_key=\"0\" data-custom_default_control=\"1\">\n                    <div class=\"eael-filter-gallery-container eael-filter-gallery-grid\" data-images-per-page=\"\" data-total-gallery-items=\"3\" data-nomore-item-text=\"\" data-is-randomize=\"no\" data-settings=\"{&quot;grid_style&quot;:&quot;grid&quot;,&quot;popup&quot;:&quot;buttons&quot;,&quot;duration&quot;:500,&quot;gallery_enabled&quot;:&quot;yes&quot;,&quot;video_gallery_yt_privacy&quot;:&quot;&quot;,&quot;control_all_text&quot;:null,&quot;mobile_scroll_to_top&quot;:&quot;&quot;,&quot;mobile_scroll_offset&quot;:0,&quot;post_id&quot;:1198,&quot;widget_id&quot;:&quot;6f5e0bb&quot;}\" data-search-all=\"\" data-gallery-items=\"WyI8ZGl2IGNsYXNzPVwiZWFlbC1maWx0ZXJhYmxlLWdhbGxlcnktaXRlbS13cmFwIGVhZWwtY2YtXCIgZGF0YS1zZWFyY2gta2V5PVwiY3Vyc29zLWVuLWZ1bmNpXHUwMGYzLWRlbC10ZXUtbml2ZWxsXCI+PGRpdiBjbGFzcz1cImZnLWxheW91dC0zLWl0ZW0gZWFlbC1nYWxsZXJ5LWdyaWQtaXRlbVwiPjxkaXYgY2xhc3M9XCJnYWxsZXJ5LWl0ZW0tdGh1bWJuYWlsLXdyYXAgZmctbGF5b3V0LTMtaXRlbS10aHVtYlwiPjxpbWcgd2lkdGg9XCIyMTZcIiBoZWlnaHQ9XCIzMDBcIiBzcmM9XCJodHRwczpcL1wvd2VsY29tZXBhbGxlamEuZXNcL3dwLWNvbnRlbnRcL3VwbG9hZHNcLzIwMjFcLzA0XC9hZHVsdG9zLTIxNngzMDAucG5nXCIgY2xhc3M9XCJhdHRhY2htZW50LW1lZGl1bSBzaXplLW1lZGl1bSB3cC1pbWFnZS0xMjUxXCIgYWx0PVwiXCIgc3Jjc2V0PVwiaHR0cHM6XC9cL3dlbGNvbWVwYWxsZWphLmVzXC93cC1jb250ZW50XC91cGxvYWRzXC8yMDIxXC8wNFwvYWR1bHRvcy0yMTZ4MzAwLnBuZyAyMTZ3LCBodHRwczpcL1wvd2VsY29tZXBhbGxlamEuZXNcL3dwLWNvbnRlbnRcL3VwbG9hZHNcLzIwMjFcLzA0XC9hZHVsdG9zLnBuZyA1MjJ3XCIgc2l6ZXM9XCIobWF4LXdpZHRoOiAyMTZweCkgMTAwdncsIDIxNnB4XCIgXC8+PGRpdiBjbGFzcz1cImdhbGxlcnktaXRlbS1jYXB0aW9uLXdyYXAgY2FyZC1ob3Zlci1iZyBjYXB0aW9uLXN0eWxlLWhvdmVyZXJcIj48ZGl2IGNsYXNzPVwiZmctY2FwdGlvbi1oZWFkXCI+PFwvZGl2PjxkaXYgY2xhc3M9XCJnYWxsZXJ5LWl0ZW0tYnV0dG9uc1wiPjxcL2Rpdj48XC9kaXY+PFwvZGl2PjxkaXYgY2xhc3M9XCJmZy1sYXlvdXQtMy1pdGVtLWNvbnRlbnRcIj48aDIgY2xhc3M9XCJmZy1pdGVtLXRpdGxlXCI+Q3Vyc29zIGVuIGZ1bmNpXHUwMGYzIGRlbCB0ZXUgbml2ZWxsPFwvaDI+PGRpdiBjbGFzcz1cImZnLWl0ZW0tY29udGVudFwiPjxoNT5cdTAwYTA8XC9oNT5cbjxoNT48c3BhbiBzdHlsZT1cImNvbG9yOiAjMzMzMzMzXCI+RWxlbWVudGFyeSBBMTxcL3NwYW4+PFwvaDU+XG48aDU+PHNwYW4gc3R5bGU9XCJjb2xvcjogIzMzMzMzM1wiPlByZS1JbnRlcm1lZGlhdGUgQTI8XC9zcGFuPjxcL2g1PlxuPGg1PjxzcGFuIHN0eWxlPVwiY29sb3I6ICMzMzMzMzNcIj5JbnRlcm1lZGlhdGUgQjE8XC9zcGFuPjxcL2g1PlxuPGg1PjxzcGFuIHN0eWxlPVwiY29sb3I6ICMzMzMzMzNcIj5VcHBlci1JbnRlcm1lZGlhdGUgQjErPFwvc3Bhbj48XC9oNT5cbjxwPkhvcmFyaTo8XC9wPlxuPHA+RGltYXJ0cyBpIERpam91cyBkZSAxOS4zMCBhIDIxLjAwPFwvcD5cbjxcL2Rpdj48XC9kaXY+PFwvZGl2PjxcL2Rpdj4iLCI8ZGl2IGNsYXNzPVwiZWFlbC1maWx0ZXJhYmxlLWdhbGxlcnktaXRlbS13cmFwIGVhZWwtY2YtXCIgZGF0YS1zZWFyY2gta2V5PVwiY3Vyc29zLXBlci10XHUwMGVkdG9scy1kZS1jYW1icmlkZ2VcIj48ZGl2IGNsYXNzPVwiZmctbGF5b3V0LTMtaXRlbSBlYWVsLWdhbGxlcnktZ3JpZC1pdGVtXCI+PGRpdiBjbGFzcz1cImdhbGxlcnktaXRlbS10aHVtYm5haWwtd3JhcCBmZy1sYXlvdXQtMy1pdGVtLXRodW1iXCI+PGltZyB3aWR0aD1cIjIxN1wiIGhlaWdodD1cIjMwMFwiIHNyYz1cImh0dHBzOlwvXC93ZWxjb21lcGFsbGVqYS5lc1wvd3AtY29udGVudFwvdXBsb2Fkc1wvMjAyMVwvMDRcL2NhbWJyaWRnZS0yMTd4MzAwLnBuZ1wiIGNsYXNzPVwiYXR0YWNobWVudC1tZWRpdW0gc2l6ZS1tZWRpdW0gd3AtaW1hZ2UtMTIzNVwiIGFsdD1cIlwiIHNyY3NldD1cImh0dHBzOlwvXC93ZWxjb21lcGFsbGVqYS5lc1wvd3AtY29udGVudFwvdXBsb2Fkc1wvMjAyMVwvMDRcL2NhbWJyaWRnZS0yMTd4MzAwLnBuZyAyMTd3LCBodHRwczpcL1wvd2VsY29tZXBhbGxlamEuZXNcL3dwLWNvbnRlbnRcL3VwbG9hZHNcLzIwMjFcLzA0XC9jYW1icmlkZ2UucG5nIDUyNHdcIiBzaXplcz1cIihtYXgtd2lkdGg6IDIxN3B4KSAxMDB2dywgMjE3cHhcIiBcLz48ZGl2IGNsYXNzPVwiZ2FsbGVyeS1pdGVtLWNhcHRpb24td3JhcCBjYXJkLWhvdmVyLWJnIGNhcHRpb24tc3R5bGUtaG92ZXJlclwiPjxkaXYgY2xhc3M9XCJmZy1jYXB0aW9uLWhlYWRcIj48XC9kaXY+PGRpdiBjbGFzcz1cImdhbGxlcnktaXRlbS1idXR0b25zXCI+PFwvZGl2PjxcL2Rpdj48XC9kaXY+PGRpdiBjbGFzcz1cImZnLWxheW91dC0zLWl0ZW0tY29udGVudFwiPjxoMiBjbGFzcz1cImZnLWl0ZW0tdGl0bGVcIj5DdXJzb3MgcGVyIHRcdTAwZWR0b2xzIGRlIENhbWJyaWRnZTxcL2gyPjxkaXYgY2xhc3M9XCJmZy1pdGVtLWNvbnRlbnRcIj48aDU+XHUwMGEwPFwvaDU+XG48aDU+Rmlyc3QgQjI8XC9oNT5cbjxoNT5BZHZhbmNlZCBDMTxcL2g1PlxuPGg1PlByb2ZpY2llbmN5IEMyPFwvaDU+XG48cD5Ib3Jhcmk6PFwvcD5cbjxwPkRpbWFydHMgaSBEaWpvdXMgZGUgMTkuMzAgYSAyMS4wMDxcL3A+XG48cD5cdTAwYTA8XC9wPlxuPFwvZGl2PjxcL2Rpdj48XC9kaXY+PFwvZGl2PiIsIjxkaXYgY2xhc3M9XCJlYWVsLWZpbHRlcmFibGUtZ2FsbGVyeS1pdGVtLXdyYXAgZWFlbC1jZi1cIiBkYXRhLXNlYXJjaC1rZXk9XCJzcGVha2luZ1wiPjxkaXYgY2xhc3M9XCJmZy1sYXlvdXQtMy1pdGVtIGVhZWwtZ2FsbGVyeS1ncmlkLWl0ZW1cIj48ZGl2IGNsYXNzPVwiZ2FsbGVyeS1pdGVtLXRodW1ibmFpbC13cmFwIGZnLWxheW91dC0zLWl0ZW0tdGh1bWJcIj48aW1nIHdpZHRoPVwiMjE3XCIgaGVpZ2h0PVwiMzAwXCIgc3JjPVwiaHR0cHM6XC9cL3dlbGNvbWVwYWxsZWphLmVzXC93cC1jb250ZW50XC91cGxvYWRzXC8yMDIxXC8wNFwvY29udmVyc2EtMjE3eDMwMC5wbmdcIiBjbGFzcz1cImF0dGFjaG1lbnQtbWVkaXVtIHNpemUtbWVkaXVtIHdwLWltYWdlLTEyNDhcIiBhbHQ9XCJcIiBzcmNzZXQ9XCJodHRwczpcL1wvd2VsY29tZXBhbGxlamEuZXNcL3dwLWNvbnRlbnRcL3VwbG9hZHNcLzIwMjFcLzA0XC9jb252ZXJzYS0yMTd4MzAwLnBuZyAyMTd3LCBodHRwczpcL1wvd2VsY29tZXBhbGxlamEuZXNcL3dwLWNvbnRlbnRcL3VwbG9hZHNcLzIwMjFcLzA0XC9jb252ZXJzYS5wbmcgNTI0d1wiIHNpemVzPVwiKG1heC13aWR0aDogMjE3cHgpIDEwMHZ3LCAyMTdweFwiIFwvPjxkaXYgY2xhc3M9XCJnYWxsZXJ5LWl0ZW0tY2FwdGlvbi13cmFwIGNhcmQtaG92ZXItYmcgY2FwdGlvbi1zdHlsZS1ob3ZlcmVyXCI+PGRpdiBjbGFzcz1cImZnLWNhcHRpb24taGVhZFwiPjxcL2Rpdj48ZGl2IGNsYXNzPVwiZ2FsbGVyeS1pdGVtLWJ1dHRvbnNcIj48XC9kaXY+PFwvZGl2PjxcL2Rpdj48ZGl2IGNsYXNzPVwiZmctbGF5b3V0LTMtaXRlbS1jb250ZW50XCI+PGgyIGNsYXNzPVwiZmctaXRlbS10aXRsZVwiPlNwZWFraW5nPFwvaDI+PGRpdiBjbGFzcz1cImZnLWl0ZW0tY29udGVudFwiPjxoNT5cdTAwYTA8XC9oNT5cbjxwPkNsYXNzZXMgZGUgY29udmVyc2EgZW4gdW5hIGdyYW4gZGl2ZXJzaXRhdCBkZSBcdTAwZTBtYml0cy4gXHUwMGRhdGlscyB0YW50IHBlciBtYW50ZW5pciBlbCBuaXZlbGwgY29tXHUwMGEwIHBlciBhbXBsaWFyIHZvY2FidWxhcmkgZW4gdGVtZXMgZXNwZWNcdTAwZWRmaWNzLlx1MDBhMDxcL3A+XG48aDU+XHUwMGEwPFwvaDU+XG48cD5cdTAwYTA8XC9wPlxuPHA+SG9yYXJpOjxcL3A+XG48cD5EaWpvdXMgZGUgMTkuMzAgYSAyMS4wMDxcL3A+XG48XC9kaXY+PFwvZGl2PjxcL2Rpdj48XC9kaXY+Il0=\" data-init-show=\"3\">\n            <div class=\"eael-filterable-gallery-item-wrap eael-cf-\" data-search-key=\"cursos-en-funci\u00f3-del-teu-nivell\"><div class=\"fg-layout-3-item eael-gallery-grid-item\"><div class=\"gallery-item-thumbnail-wrap fg-layout-3-item-thumb\"><img fetchpriority=\"high\" decoding=\"async\" width=\"216\" height=\"300\" src=\"https:\/\/welcomepalleja.es\/wp-content\/uploads\/2021\/04\/adultos-216x300.png\" class=\"attachment-medium size-medium wp-image-1251\" alt=\"\" srcset=\"https:\/\/welcomepalleja.es\/wp-content\/uploads\/2021\/04\/adultos-216x300.png 216w, https:\/\/welcomepalleja.es\/wp-content\/uploads\/2021\/04\/adultos.png 522w\" sizes=\"(max-width: 216px) 100vw, 216px\" \/><div class=\"gallery-item-caption-wrap card-hover-bg caption-style-hoverer\"><div class=\"fg-caption-head\"><\/div><div class=\"gallery-item-buttons\"><\/div><\/div><\/div><div class=\"fg-layout-3-item-content\"><h2 class=\"fg-item-title\">Cursos en funci\u00f3 del teu nivell<\/h2><div class=\"fg-item-content\"><h5>\u00a0<\/h5>\n<h5><span style=\"color: #333333\">Elementary A1<\/span><\/h5>\n<h5><span style=\"color: #333333\">Pre-Intermediate A2<\/span><\/h5>\n<h5><span style=\"color: #333333\">Intermediate B1<\/span><\/h5>\n<h5><span style=\"color: #333333\">Upper-Intermediate B1+<\/span><\/h5>\n<p>Horari:<\/p>\n<p>Dimarts i Dijous de 19.30 a 21.00<\/p>\n<\/div><\/div><\/div><\/div><div class=\"eael-filterable-gallery-item-wrap eael-cf-\" data-search-key=\"cursos-per-t\u00edtols-de-cambridge\"><div class=\"fg-layout-3-item eael-gallery-grid-item\"><div class=\"gallery-item-thumbnail-wrap fg-layout-3-item-thumb\"><img decoding=\"async\" width=\"217\" height=\"300\" src=\"https:\/\/welcomepalleja.es\/wp-content\/uploads\/2021\/04\/cambridge-217x300.png\" class=\"attachment-medium size-medium wp-image-1235\" alt=\"\" srcset=\"https:\/\/welcomepalleja.es\/wp-content\/uploads\/2021\/04\/cambridge-217x300.png 217w, https:\/\/welcomepalleja.es\/wp-content\/uploads\/2021\/04\/cambridge.png 524w\" sizes=\"(max-width: 217px) 100vw, 217px\" \/><div class=\"gallery-item-caption-wrap card-hover-bg caption-style-hoverer\"><div class=\"fg-caption-head\"><\/div><div class=\"gallery-item-buttons\"><\/div><\/div><\/div><div class=\"fg-layout-3-item-content\"><h2 class=\"fg-item-title\">Cursos per t\u00edtols de Cambridge<\/h2><div class=\"fg-item-content\"><h5>\u00a0<\/h5>\n<h5>First B2<\/h5>\n<h5>Advanced C1<\/h5>\n<h5>Proficiency C2<\/h5>\n<p>Horari:<\/p>\n<p>Dimarts i Dijous de 19.30 a 21.00<\/p>\n<p>\u00a0<\/p>\n<\/div><\/div><\/div><\/div><div class=\"eael-filterable-gallery-item-wrap eael-cf-\" data-search-key=\"speaking\"><div class=\"fg-layout-3-item eael-gallery-grid-item\"><div class=\"gallery-item-thumbnail-wrap fg-layout-3-item-thumb\"><img decoding=\"async\" width=\"217\" height=\"300\" src=\"https:\/\/welcomepalleja.es\/wp-content\/uploads\/2021\/04\/conversa-217x300.png\" class=\"attachment-medium size-medium wp-image-1248\" alt=\"\" srcset=\"https:\/\/welcomepalleja.es\/wp-content\/uploads\/2021\/04\/conversa-217x300.png 217w, https:\/\/welcomepalleja.es\/wp-content\/uploads\/2021\/04\/conversa.png 524w\" sizes=\"(max-width: 217px) 100vw, 217px\" \/><div class=\"gallery-item-caption-wrap card-hover-bg caption-style-hoverer\"><div class=\"fg-caption-head\"><\/div><div class=\"gallery-item-buttons\"><\/div><\/div><\/div><div class=\"fg-layout-3-item-content\"><h2 class=\"fg-item-title\">Speaking<\/h2><div class=\"fg-item-content\"><h5>\u00a0<\/h5>\n<p>Classes de conversa en una gran diversitat de \u00e0mbits. \u00datils tant per mantenir el nivell com\u00a0 per ampliar vocabulari en temes espec\u00edfics.\u00a0<\/p>\n<h5>\u00a0<\/h5>\n<p>\u00a0<\/p>\n<p>Horari:<\/p>\n<p>Dijous de 19.30 a 21.00<\/p>\n<\/div><\/div><\/div><\/div>            <div id=\"eael-fg-no-items-found\" style=\"display:none;\">\n                No Items Found            <\/div>\n                    <\/div>\n                <\/div>\n        \n        \t\t\t\t<\/div>\n\t\t\t\t<\/div>\n\t\t\t\t<div class=\"elementor-element elementor-element-b579bf4 elementor-widget elementor-widget-spacer\" data-id=\"b579bf4\" data-element_type=\"widget\" data-e-type=\"widget\" data-widget_type=\"spacer.default\">\n\t\t\t\t<div class=\"elementor-widget-container\">\n\t\t\t\t\t\t\t<div class=\"elementor-spacer\">\n\t\t\t<div class=\"elementor-spacer-inner\"><\/div>\n\t\t<\/div>\n\t\t\t\t\t\t<\/div>\n\t\t\t\t<\/div>\n\t\t\t\t\t<\/div>\n\t\t<\/div>\n\t\t\t\t\t<\/div>\n\t\t<\/section>\n\t\t\t\t<\/div>\n\t\t","protected":false},"excerpt":{"rendered":"<p>Cursos per Adults Mai \u00e9s tard per comen\u00e7ar a estudiar un idioma. Sigui quin sigui el teu objectiu, professional o de lleure, els nostres cursos t&#8217;ajudaran a complir-lo! Fes una inversi\u00f3 en el teu futur El m\u00e8tode de formaci\u00f3 que seguim est\u00e0 orientat a la comunicaci\u00f3, amb classes din\u00e0miques i totalment immersives, per estudiar com [&hellip;]<\/p>\n","protected":false},"author":1,"featured_media":0,"parent":119,"menu_order":0,"comment_status":"closed","ping_status":"closed","template":"","meta":{"site-sidebar-layout":"no-sidebar","site-content-layout":"page-builder","ast-site-content-layout":"default","site-content-style":"default","site-sidebar-style":"default","ast-global-header-display":"","ast-banner-title-visibility":"","ast-main-header-display":"","ast-hfb-above-header-display":"","ast-hfb-below-header-display":"","ast-hfb-mobile-header-display":"","site-post-title":"disabled","ast-breadcrumbs-content":"","ast-featured-img":"disabled","footer-sml-layout":"","ast-disable-related-posts":"","theme-transparent-header-meta":"enabled","adv-header-id-meta":"","stick-header-meta":"","header-above-stick-meta":"","header-main-stick-meta":"","header-below-stick-meta":"","astra-migrate-meta-layouts":"default","ast-page-background-enabled":"default","ast-page-background-meta":{"desktop":{"background-color":"","background-image":"","background-repeat":"repeat","background-position":"center center","background-size":"auto","background-attachment":"scroll","background-type":"","background-media":"","overlay-type":"","overlay-color":"","overlay-opacity":"","overlay-gradient":""},"tablet":{"background-color":"","background-image":"","background-repeat":"repeat","background-position":"center center","background-size":"auto","background-attachment":"scroll","background-type":"","background-media":"","overlay-type":"","overlay-color":"","overlay-opacity":"","overlay-gradient":""},"mobile":{"background-color":"","background-image":"","background-repeat":"repeat","background-position":"center center","background-size":"auto","background-attachment":"scroll","background-type":"","background-media":"","overlay-type":"","overlay-color":"","overlay-opacity":"","overlay-gradient":""}},"ast-content-background-meta":{"desktop":{"background-color":"var(--ast-global-color-5)","background-image":"","background-repeat":"repeat","background-position":"center center","background-size":"auto","background-attachment":"scroll","background-type":"","background-media":"","overlay-type":"","overlay-color":"","overlay-opacity":"","overlay-gradient":""},"tablet":{"background-color":"var(--ast-global-color-5)","background-image":"","background-repeat":"repeat","background-position":"center center","background-size":"auto","background-attachment":"scroll","background-type":"","background-media":"","overlay-type":"","overlay-color":"","overlay-opacity":"","overlay-gradient":""},"mobile":{"background-color":"var(--ast-global-color-5)","background-image":"","background-repeat":"repeat","background-position":"center center","background-size":"auto","background-attachment":"scroll","background-type":"","background-media":"","overlay-type":"","overlay-color":"","overlay-opacity":"","overlay-gradient":""}},"footnotes":""},"class_list":["post-1198","page","type-page","status-publish","hentry"],"_links":{"self":[{"href":"https:\/\/welcomepalleja.es\/index.php\/wp-json\/wp\/v2\/pages\/1198","targetHints":{"allow":["GET"]}}],"collection":[{"href":"https:\/\/welcomepalleja.es\/index.php\/wp-json\/wp\/v2\/pages"}],"about":[{"href":"https:\/\/welcomepalleja.es\/index.php\/wp-json\/wp\/v2\/types\/page"}],"author":[{"embeddable":true,"href":"https:\/\/welcomepalleja.es\/index.php\/wp-json\/wp\/v2\/users\/1"}],"replies":[{"embeddable":true,"href":"https:\/\/welcomepalleja.es\/index.php\/wp-json\/wp\/v2\/comments?post=1198"}],"version-history":[{"count":18,"href":"https:\/\/welcomepalleja.es\/index.php\/wp-json\/wp\/v2\/pages\/1198\/revisions"}],"predecessor-version":[{"id":2070,"href":"https:\/\/welcomepalleja.es\/index.php\/wp-json\/wp\/v2\/pages\/1198\/revisions\/2070"}],"up":[{"embeddable":true,"href":"https:\/\/welcomepalleja.es\/index.php\/wp-json\/wp\/v2\/pages\/119"}],"wp:attachment":[{"href":"https:\/\/welcomepalleja.es\/index.php\/wp-json\/wp\/v2\/media?parent=1198"}],"curies":[{"name":"wp","href":"https:\/\/api.w.org\/{rel}","templated":true}]}}